{"id":5336,"date":"2024-11-12T14:38:04","date_gmt":"2024-11-12T13:38:04","guid":{"rendered":"https:\/\/hotelquadrifolio.com\/?page_id=5336"},"modified":"2026-02-03T20:34:09","modified_gmt":"2026-02-03T19:34:09","slug":"wellness-services","status":"publish","type":"page","link":"https:\/\/hotelquadrifolio.com\/es\/wellness-services\/","title":{"rendered":"Wellness Services"},"content":{"rendered":"\t\t<div data-elementor-type=\"wp-page\" data-elementor-id=\"5336\" class=\"elementor elementor-5336\" data-elementor-post-type=\"page\">\n\t\t\t\t<div class=\"elementor-element elementor-element-8f9dc5e e-flex e-con-boxed e-con e-parent\" data-id=\"8f9dc5e\" data-element_type=\"container\" data-e-type=\"container\" data-settings=\"{&quot;background_background&quot;:&quot;classic&quot;}\">\n\t\t\t\t\t<div class=\"e-con-inner\">\n\t\t\t\t\t<\/div>\n\t\t\t\t<\/div>\n\t\t<div class=\"elementor-element elementor-element-50e9e9a e-con-full e-flex elementor-invisible e-con e-child\" data-id=\"50e9e9a\" data-element_type=\"container\" data-e-type=\"container\" data-settings=\"{&quot;background_background&quot;:&quot;classic&quot;,&quot;animation&quot;:&quot;zoomIn&quot;}\">\n\t\t\t\t<div class=\"elementor-element elementor-element-113547d elementor-widget elementor-widget-heading\" data-id=\"113547d\" data-element_type=\"widget\" data-e-type=\"widget\" data-widget_type=\"heading.default\">\n\t\t\t\t<div class=\"elementor-widget-container\">\n\t\t\t\t\t<h2 class=\"elementor-heading-title elementor-size-default\">Wellness Services<\/h2>\t\t\t\t<\/div>\n\t\t\t\t<\/div>\n\t\t<div class=\"elementor-element elementor-element-7b93dff e-flex e-con-boxed e-con e-child\" data-id=\"7b93dff\" data-element_type=\"container\" data-e-type=\"container\">\n\t\t\t\t\t<div class=\"e-con-inner\">\n\t\t<div class=\"elementor-element elementor-element-cec7bde e-con-full e-flex e-con e-child\" data-id=\"cec7bde\" data-element_type=\"container\" data-e-type=\"container\" id=\"quadrifolio-gourmet\">\n\t\t<div class=\"elementor-element elementor-element-810a853 e-con-full e-flex e-con e-child\" data-id=\"810a853\" data-element_type=\"container\" data-e-type=\"container\" data-settings=\"{&quot;background_background&quot;:&quot;classic&quot;}\">\n\t\t\t\t<\/div>\n\t\t<div class=\"elementor-element elementor-element-2733e1c e-con-full e-flex e-con e-child\" data-id=\"2733e1c\" data-element_type=\"container\" data-e-type=\"container\" data-settings=\"{&quot;background_background&quot;:&quot;classic&quot;}\">\n\t\t\t\t<div class=\"elementor-element elementor-element-7e2696a elementor-widget elementor-widget-heading\" data-id=\"7e2696a\" data-element_type=\"widget\" data-e-type=\"widget\" data-widget_type=\"heading.default\">\n\t\t\t\t<div class=\"elementor-widget-container\">\n\t\t\t\t\t<h2 class=\"elementor-heading-title elementor-size-default\">Quadrifolio Gourmet\n<\/h2>\t\t\t\t<\/div>\n\t\t\t\t<\/div>\n\t\t\t\t<div class=\"elementor-element elementor-element-8437cbe elementor-widget elementor-widget-text-editor\" data-id=\"8437cbe\" data-element_type=\"widget\" data-e-type=\"widget\" data-widget_type=\"text-editor.default\">\n\t\t\t\t<div class=\"elementor-widget-container\">\n\t\t\t\t\t\t\t\t\t<p>Este programa es ideal para los clientes que durante su estad\u00eda desean realizar una comida elegante, un c\u00f3ctel, o atender invitados especiales. Nuestro programa ofrece variadas alternativas de Men\u00fas Cartageneros o Gastronom\u00eda Internacional, acompa\u00f1adas de una excelente selecci\u00f3n de vinos y licores.<\/p>\t\t\t\t\t\t\t\t<\/div>\n\t\t\t\t<\/div>\n\t\t\t\t<\/div>\n\t\t\t\t<\/div>\n\t\t<div class=\"elementor-element elementor-element-9d05b67 e-con-full e-flex e-con e-child\" data-id=\"9d05b67\" data-element_type=\"container\" data-e-type=\"container\" id=\"masajes\">\n\t\t<div class=\"elementor-element elementor-element-558aa44 e-con-full e-flex e-con e-child\" data-id=\"558aa44\" data-element_type=\"container\" data-e-type=\"container\" data-settings=\"{&quot;background_background&quot;:&quot;classic&quot;}\">\n\t\t\t\t<\/div>\n\t\t<div class=\"elementor-element elementor-element-354241f e-con-full e-flex e-con e-child\" data-id=\"354241f\" data-element_type=\"container\" data-e-type=\"container\" data-settings=\"{&quot;background_background&quot;:&quot;classic&quot;}\">\n\t\t\t\t<div class=\"elementor-element elementor-element-b91405b elementor-widget elementor-widget-heading\" data-id=\"b91405b\" data-element_type=\"widget\" data-e-type=\"widget\" data-widget_type=\"heading.default\">\n\t\t\t\t<div class=\"elementor-widget-container\">\n\t\t\t\t\t<h2 class=\"elementor-heading-title elementor-size-default\">Masajes\n<\/h2>\t\t\t\t<\/div>\n\t\t\t\t<\/div>\n\t\t\t\t<div class=\"elementor-element elementor-element-a241f65 elementor-widget elementor-widget-text-editor\" data-id=\"a241f65\" data-element_type=\"widget\" data-e-type=\"widget\" data-widget_type=\"text-editor.default\">\n\t\t\t\t<div class=\"elementor-widget-container\">\n\t\t\t\t\t\t\t\t\tEliminar el estr\u00e9s para relajar su cuerpo y su mente es una prioridad para nosotros. Experimente el contacto f\u00edsico terap\u00e9utico que solo puede ofrecerle una buena sesi\u00f3n de masajes. El equilibrio y el bienestar son posibles durante su visita.\t\t\t\t\t\t\t\t<\/div>\n\t\t\t\t<\/div>\n\t\t\t\t<\/div>\n\t\t\t\t<\/div>\n\t\t\t\t\t<\/div>\n\t\t\t\t<\/div>\n\t\t<div class=\"elementor-element elementor-element-63de869 e-flex e-con-boxed e-con e-child\" data-id=\"63de869\" data-element_type=\"container\" data-e-type=\"container\">\n\t\t\t\t\t<div class=\"e-con-inner\">\n\t\t<div class=\"elementor-element elementor-element-4170bc4 e-con-full e-flex e-con e-child\" data-id=\"4170bc4\" data-element_type=\"container\" data-e-type=\"container\" id=\"terraza-jacuzzi\">\n\t\t<div class=\"elementor-element elementor-element-d610c3d e-con-full e-flex e-con e-child\" data-id=\"d610c3d\" data-element_type=\"container\" data-e-type=\"container\" data-settings=\"{&quot;background_background&quot;:&quot;classic&quot;}\">\n\t\t\t\t<\/div>\n\t\t<div class=\"elementor-element elementor-element-0306c52 e-con-full e-flex e-con e-child\" data-id=\"0306c52\" data-element_type=\"container\" data-e-type=\"container\" data-settings=\"{&quot;background_background&quot;:&quot;classic&quot;}\">\n\t\t\t\t<div class=\"elementor-element elementor-element-284561f elementor-widget elementor-widget-heading\" data-id=\"284561f\" data-element_type=\"widget\" data-e-type=\"widget\" data-widget_type=\"heading.default\">\n\t\t\t\t<div class=\"elementor-widget-container\">\n\t\t\t\t\t<h2 class=\"elementor-heading-title elementor-size-default\">Terraza y Jacuzzi<\/h2>\t\t\t\t<\/div>\n\t\t\t\t<\/div>\n\t\t\t\t<div class=\"elementor-element elementor-element-e76d3f9 elementor-widget elementor-widget-text-editor\" data-id=\"e76d3f9\" data-element_type=\"widget\" data-e-type=\"widget\" data-widget_type=\"text-editor.default\">\n\t\t\t\t<div class=\"elementor-widget-container\">\n\t\t\t\t\t\t\t\t\tA su disposici\u00f3n tenemos c\u00f3modas sillas para tomar el sol lejos de la playa, pero cerca de un jacuzzi con agua cristalina. Es el confort y la relajaci\u00f3n de alto nivel para que disfrute de \u00e1reas libres, sin salir del hotel.\t\t\t\t\t\t\t\t<\/div>\n\t\t\t\t<\/div>\n\t\t\t\t<\/div>\n\t\t\t\t<\/div>\n\t\t<div class=\"elementor-element elementor-element-83b96e9 e-con-full e-flex e-con e-child\" data-id=\"83b96e9\" data-element_type=\"container\" data-e-type=\"container\" id=\"piscina\">\n\t\t<div class=\"elementor-element elementor-element-876f45c e-con-full e-flex e-con e-child\" data-id=\"876f45c\" data-element_type=\"container\" data-e-type=\"container\" data-settings=\"{&quot;background_background&quot;:&quot;classic&quot;}\">\n\t\t\t\t<\/div>\n\t\t<div class=\"elementor-element elementor-element-acffb55 e-con-full e-flex e-con e-child\" data-id=\"acffb55\" data-element_type=\"container\" data-e-type=\"container\" data-settings=\"{&quot;background_background&quot;:&quot;classic&quot;}\">\n\t\t\t\t<div class=\"elementor-element elementor-element-2daaf40 elementor-widget elementor-widget-heading\" data-id=\"2daaf40\" data-element_type=\"widget\" data-e-type=\"widget\" data-widget_type=\"heading.default\">\n\t\t\t\t<div class=\"elementor-widget-container\">\n\t\t\t\t\t<h2 class=\"elementor-heading-title elementor-size-default\">Piscina<\/h2>\t\t\t\t<\/div>\n\t\t\t\t<\/div>\n\t\t\t\t<div class=\"elementor-element elementor-element-18b5ad3 elementor-widget elementor-widget-text-editor\" data-id=\"18b5ad3\" data-element_type=\"widget\" data-e-type=\"widget\" data-widget_type=\"text-editor.default\">\n\t\t\t\t<div class=\"elementor-widget-container\">\n\t\t\t\t\t\t\t\t\tLa piscina es un oasis de tranquilidad, situada en la parte posterior del hotel, rodeada de un jard\u00edn, para relajarse y refrescarse, con un agua cristalina mantenida a una temperatura ideal.\t\t\t\t\t\t\t\t<\/div>\n\t\t\t\t<\/div>\n\t\t\t\t<\/div>\n\t\t\t\t<\/div>\n\t\t\t\t\t<\/div>\n\t\t\t\t<\/div>\n\t\t<div class=\"elementor-element elementor-element-0b240a9 e-flex e-con-boxed e-con e-child\" data-id=\"0b240a9\" data-element_type=\"container\" data-e-type=\"container\">\n\t\t\t\t\t<div class=\"e-con-inner\">\n\t\t<div class=\"elementor-element elementor-element-743c142 e-con-full e-flex e-con e-child\" data-id=\"743c142\" data-element_type=\"container\" data-e-type=\"container\" id=\"servicio-conserjeria\">\n\t\t<div class=\"elementor-element elementor-element-49efaa6 e-con-full e-flex e-con e-child\" data-id=\"49efaa6\" data-element_type=\"container\" data-e-type=\"container\" data-settings=\"{&quot;background_background&quot;:&quot;classic&quot;}\">\n\t\t\t\t<\/div>\n\t\t<div class=\"elementor-element elementor-element-b821970 e-con-full e-flex e-con e-child\" data-id=\"b821970\" data-element_type=\"container\" data-e-type=\"container\" data-settings=\"{&quot;background_background&quot;:&quot;classic&quot;}\">\n\t\t\t\t<div class=\"elementor-element elementor-element-ce40607 elementor-widget elementor-widget-heading\" data-id=\"ce40607\" data-element_type=\"widget\" data-e-type=\"widget\" data-widget_type=\"heading.default\">\n\t\t\t\t<div class=\"elementor-widget-container\">\n\t\t\t\t\t<h2 class=\"elementor-heading-title elementor-size-default\">Servicio de Conserjer\u00eda\n<\/h2>\t\t\t\t<\/div>\n\t\t\t\t<\/div>\n\t\t\t\t<div class=\"elementor-element elementor-element-8a3e0ff elementor-widget elementor-widget-text-editor\" data-id=\"8a3e0ff\" data-element_type=\"widget\" data-e-type=\"widget\" data-widget_type=\"text-editor.default\">\n\t\t\t\t<div class=\"elementor-widget-container\">\n\t\t\t\t\t\t\t\t\tQuadrifolio pone a su disposici\u00f3n sin costo alguno nuestro servicio de conserjer\u00eda para todo lo relacionado con: Confirmaci\u00f3n de vuelos, Tours y Excursiones, Alquiler de lanchas y yates, Transportes, Masajes, Servicio de Lavander\u00eda, Manicura y Pedicura, Reservaci\u00f3n de restaurantes, reservaciones para los distintos eventos que se realizan en la ciudad.\t\t\t\t\t\t\t\t<\/div>\n\t\t\t\t<\/div>\n\t\t\t\t<\/div>\n\t\t\t\t<\/div>\n\t\t<div class=\"elementor-element elementor-element-18268cb e-con-full e-flex e-con e-child\" data-id=\"18268cb\" data-element_type=\"container\" data-e-type=\"container\">\n\t\t\t\t<\/div>\n\t\t\t\t\t<\/div>\n\t\t\t\t<\/div>\n\t\t\t\t<\/div>\n\t\t\t\t<\/div>\n\t\t","protected":false},"excerpt":{"rendered":"<p>Wellness Services Quadrifolio Gourmet Este programa es ideal para los clientes que durante su estad\u00eda desean realizar una comida elegante, un c\u00f3ctel, o atender invitados especiales. Nuestro programa ofrece variadas alternativas de Men\u00fas Cartageneros o Gastronom\u00eda Internacional, acompa\u00f1adas de una excelente selecci\u00f3n de vinos y licores. Masajes Eliminar el estr\u00e9s para relajar su cuerpo y [&hellip;]<\/p>\n","protected":false},"author":1,"featured_media":0,"parent":0,"menu_order":0,"comment_status":"closed","ping_status":"closed","template":"elementor_header_footer","meta":{"footnotes":""},"class_list":["post-5336","page","type-page","status-publish","hentry"],"_links":{"self":[{"href":"https:\/\/hotelquadrifolio.com\/es\/wp-json\/wp\/v2\/pages\/5336","targetHints":{"allow":["GET"]}}],"collection":[{"href":"https:\/\/hotelquadrifolio.com\/es\/wp-json\/wp\/v2\/pages"}],"about":[{"href":"https:\/\/hotelquadrifolio.com\/es\/wp-json\/wp\/v2\/types\/page"}],"author":[{"embeddable":true,"href":"https:\/\/hotelquadrifolio.com\/es\/wp-json\/wp\/v2\/users\/1"}],"replies":[{"embeddable":true,"href":"https:\/\/hotelquadrifolio.com\/es\/wp-json\/wp\/v2\/comments?post=5336"}],"version-history":[{"count":187,"href":"https:\/\/hotelquadrifolio.com\/es\/wp-json\/wp\/v2\/pages\/5336\/revisions"}],"predecessor-version":[{"id":6467,"href":"https:\/\/hotelquadrifolio.com\/es\/wp-json\/wp\/v2\/pages\/5336\/revisions\/6467"}],"wp:attachment":[{"href":"https:\/\/hotelquadrifolio.com\/es\/wp-json\/wp\/v2\/media?parent=5336"}],"curies":[{"name":"wp","href":"https:\/\/api.w.org\/{rel}","templated":true}]}}