{"id":5126,"date":"2024-10-28T18:00:56","date_gmt":"2024-10-28T17:00:56","guid":{"rendered":"https:\/\/hotelquadrifolio.com\/?page_id=5126"},"modified":"2026-02-20T18:56:59","modified_gmt":"2026-02-20T17:56:59","slug":"eventos","status":"publish","type":"page","link":"https:\/\/hotelquadrifolio.com\/es\/eventos\/","title":{"rendered":"Eventos"},"content":{"rendered":"\t\t<div data-elementor-type=\"wp-page\" data-elementor-id=\"5126\" class=\"elementor elementor-5126\" data-elementor-post-type=\"page\">\n\t\t\t\t<div class=\"elementor-element elementor-element-1a4dc29 e-flex e-con-boxed e-con e-parent\" data-id=\"1a4dc29\" data-element_type=\"container\" data-e-type=\"container\">\n\t\t\t\t\t<div class=\"e-con-inner\">\n\t\t\t\t<div class=\"elementor-element elementor-element-3dc4c23 elementor-invisible elementor-widget elementor-widget-heading\" data-id=\"3dc4c23\" data-element_type=\"widget\" data-e-type=\"widget\" data-settings=\"{&quot;_animation&quot;:&quot;fadeInUp&quot;}\" data-widget_type=\"heading.default\">\n\t\t\t\t<div class=\"elementor-widget-container\">\n\t\t\t\t\t<h2 class=\"elementor-heading-title elementor-size-default\">Inspirando<\/h2>\t\t\t\t<\/div>\n\t\t\t\t<\/div>\n\t\t\t\t<div class=\"elementor-element elementor-element-006ad53 elementor-invisible elementor-widget elementor-widget-heading\" data-id=\"006ad53\" data-element_type=\"widget\" data-e-type=\"widget\" data-settings=\"{&quot;_animation&quot;:&quot;fadeInUp&quot;}\" data-widget_type=\"heading.default\">\n\t\t\t\t<div class=\"elementor-widget-container\">\n\t\t\t\t\t<h2 class=\"elementor-heading-title elementor-size-default\">Tus momentos<\/h2>\t\t\t\t<\/div>\n\t\t\t\t<\/div>\n\t\t\t\t\t<\/div>\n\t\t\t\t<\/div>\n\t\t<div class=\"elementor-element elementor-element-74ed750 e-con-full e-flex e-con e-parent\" data-id=\"74ed750\" data-element_type=\"container\" data-e-type=\"container\">\n\t\t<div class=\"elementor-element elementor-element-2746868 e-con-full e-flex elementor-invisible e-con e-child\" data-id=\"2746868\" data-element_type=\"container\" data-e-type=\"container\" data-settings=\"{&quot;animation&quot;:&quot;fadeInLeft&quot;}\">\n\t\t\t\t<div class=\"elementor-element elementor-element-33a8b3f elementor-widget__width-initial elementor-widget elementor-widget-text-editor\" data-id=\"33a8b3f\" data-element_type=\"widget\" data-e-type=\"widget\" data-widget_type=\"text-editor.default\">\n\t\t\t\t<div class=\"elementor-widget-container\">\n\t\t\t\t\t\t\t\t\t<p>En Quadrifolio hay espacios \u00fanicos para quienes desean destacar en sus eventos a trav\u00e9s de experiencias emblem\u00e1ticas de primera clase. Los salones est\u00e1n ambientados con artesan\u00edas que evocan un rico legado cultural, donde la influencia del arte africano se entrelaza con el estilo colonial cartagenero del siglo XVII.<\/p>\t\t\t\t\t\t\t\t<\/div>\n\t\t\t\t<\/div>\n\t\t\t\t<div class=\"elementor-element elementor-element-d0f9a36 elementor-align-center elementor-widget elementor-widget-button\" data-id=\"d0f9a36\" data-element_type=\"widget\" data-e-type=\"widget\" data-widget_type=\"button.default\">\n\t\t\t\t<div class=\"elementor-widget-container\">\n\t\t\t\t\t\t\t\t\t<div class=\"elementor-button-wrapper\">\n\t\t\t\t\t<a class=\"elementor-button elementor-button-link elementor-size-sm\" href=\"https:\/\/wa.link\/dvqsmq\">\n\t\t\t\t\t\t<span class=\"elementor-button-content-wrapper\">\n\t\t\t\t\t\t\t\t\t<span class=\"elementor-button-text\">Reservar<\/span>\n\t\t\t\t\t<\/span>\n\t\t\t\t\t<\/a>\n\t\t\t\t<\/div>\n\t\t\t\t\t\t\t\t<\/div>\n\t\t\t\t<\/div>\n\t\t\t\t<\/div>\n\t\t<div class=\"elementor-element elementor-element-d285ad0 e-con-full e-flex elementor-invisible e-con e-child\" data-id=\"d285ad0\" data-element_type=\"container\" data-e-type=\"container\" data-settings=\"{&quot;background_background&quot;:&quot;classic&quot;,&quot;animation&quot;:&quot;fadeInRight&quot;}\">\n\t\t\t\t<\/div>\n\t\t\t\t<\/div>\n\t\t<div class=\"elementor-element elementor-element-8a47881 e-con-full e-flex e-con e-parent\" data-id=\"8a47881\" data-element_type=\"container\" data-e-type=\"container\">\n\t\t<div class=\"elementor-element elementor-element-800fb77 e-con-full e-flex elementor-invisible e-con e-child\" data-id=\"800fb77\" data-element_type=\"container\" data-e-type=\"container\" data-settings=\"{&quot;background_background&quot;:&quot;classic&quot;,&quot;animation&quot;:&quot;fadeInLeft&quot;}\">\n\t\t\t\t<\/div>\n\t\t<div class=\"elementor-element elementor-element-b6b4094 e-con-full e-flex elementor-invisible e-con e-child\" data-id=\"b6b4094\" data-element_type=\"container\" data-e-type=\"container\" data-settings=\"{&quot;background_background&quot;:&quot;classic&quot;,&quot;animation&quot;:&quot;fadeInRight&quot;}\">\n\t\t\t\t<\/div>\n\t\t\t\t<\/div>\n\t\t<div class=\"elementor-element elementor-element-b66c20e e-flex e-con-boxed e-con e-parent\" data-id=\"b66c20e\" data-element_type=\"container\" data-e-type=\"container\">\n\t\t\t\t\t<div class=\"e-con-inner\">\n\t\t\t\t<div class=\"elementor-element elementor-element-4842b39 elementor-invisible elementor-widget elementor-widget-heading\" data-id=\"4842b39\" data-element_type=\"widget\" data-e-type=\"widget\" data-settings=\"{&quot;_animation&quot;:&quot;fadeInUp&quot;}\" data-widget_type=\"heading.default\">\n\t\t\t\t<div class=\"elementor-widget-container\">\n\t\t\t\t\t<h2 class=\"elementor-heading-title elementor-size-default\">Salones<\/h2>\t\t\t\t<\/div>\n\t\t\t\t<\/div>\n\t\t\t\t\t<\/div>\n\t\t\t\t<\/div>\n\t\t<div class=\"elementor-element elementor-element-a9a9721 e-con-full e-flex e-con e-parent\" data-id=\"a9a9721\" data-element_type=\"container\" data-e-type=\"container\">\n\t\t<div class=\"elementor-element elementor-element-984a70a e-con-full e-flex elementor-invisible e-con e-child\" data-id=\"984a70a\" data-element_type=\"container\" data-e-type=\"container\" data-settings=\"{&quot;animation&quot;:&quot;fadeInUp&quot;}\">\n\t\t\t\t<div class=\"elementor-element elementor-element-66ac581 elementor-widget elementor-widget-image\" data-id=\"66ac581\" data-element_type=\"widget\" data-e-type=\"widget\" data-widget_type=\"image.default\">\n\t\t\t\t<div class=\"elementor-widget-container\">\n\t\t\t\t\t\t\t\t\t\t\t\t\t\t\t<img fetchpriority=\"high\" decoding=\"async\" width=\"2560\" height=\"1706\" src=\"https:\/\/hotelquadrifolio.com\/wp-content\/uploads\/2024\/11\/Salon-Quadrifolio-Hotel-Cartagena-scaled.jpg\" class=\"attachment-full size-full wp-image-5855\" alt=\"\" srcset=\"https:\/\/hotelquadrifolio.com\/wp-content\/uploads\/2024\/11\/Salon-Quadrifolio-Hotel-Cartagena-scaled.jpg 2560w, https:\/\/hotelquadrifolio.com\/wp-content\/uploads\/2024\/11\/Salon-Quadrifolio-Hotel-Cartagena-300x200.jpg 300w, https:\/\/hotelquadrifolio.com\/wp-content\/uploads\/2024\/11\/Salon-Quadrifolio-Hotel-Cartagena-1024x683.jpg 1024w, https:\/\/hotelquadrifolio.com\/wp-content\/uploads\/2024\/11\/Salon-Quadrifolio-Hotel-Cartagena-768x512.jpg 768w, https:\/\/hotelquadrifolio.com\/wp-content\/uploads\/2024\/11\/Salon-Quadrifolio-Hotel-Cartagena-1536x1024.jpg 1536w, https:\/\/hotelquadrifolio.com\/wp-content\/uploads\/2024\/11\/Salon-Quadrifolio-Hotel-Cartagena-2048x1365.jpg 2048w, https:\/\/hotelquadrifolio.com\/wp-content\/uploads\/2024\/11\/Salon-Quadrifolio-Hotel-Cartagena-18x12.jpg 18w\" sizes=\"(max-width: 2560px) 100vw, 2560px\" \/>\t\t\t\t\t\t\t\t\t\t\t\t\t\t\t<\/div>\n\t\t\t\t<\/div>\n\t\t<div class=\"elementor-element elementor-element-afc1881 e-con-full e-flex e-con e-child\" data-id=\"afc1881\" data-element_type=\"container\" data-e-type=\"container\" data-settings=\"{&quot;background_background&quot;:&quot;classic&quot;}\">\n\t\t\t\t<div class=\"elementor-element elementor-element-42d94b1 elementor-widget elementor-widget-heading\" data-id=\"42d94b1\" data-element_type=\"widget\" data-e-type=\"widget\" data-widget_type=\"heading.default\">\n\t\t\t\t<div class=\"elementor-widget-container\">\n\t\t\t\t\t<h2 class=\"elementor-heading-title elementor-size-default\">Sal\u00f3n Quadrifolio<\/h2>\t\t\t\t<\/div>\n\t\t\t\t<\/div>\n\t\t\t\t<div class=\"elementor-element elementor-element-2fa9073 elementor-widget__width-initial elementor-widget elementor-widget-text-editor\" data-id=\"2fa9073\" data-element_type=\"widget\" data-e-type=\"widget\" data-widget_type=\"text-editor.default\">\n\t\t\t\t<div class=\"elementor-widget-container\">\n\t\t\t\t\t\t\t\t\tUbicado en el piso principal, el sal\u00f3n insignia, es atractivamente amplio y excepcionalmente bien equipado, adaptado a las exigencias de cada ocasi\u00f3n, desde eventos corporativos a elegantes reuniones, cenas o banquetes, seminarios, workshops, conferencias y recepciones de hasta 40 personas.\t\t\t\t\t\t\t\t<\/div>\n\t\t\t\t<\/div>\n\t\t\t\t<div class=\"elementor-element elementor-element-ecb5ad5 elementor-align-left elementor-widget elementor-widget-button\" data-id=\"ecb5ad5\" data-element_type=\"widget\" data-e-type=\"widget\" data-widget_type=\"button.default\">\n\t\t\t\t<div class=\"elementor-widget-container\">\n\t\t\t\t\t\t\t\t\t<div class=\"elementor-button-wrapper\">\n\t\t\t\t\t<a class=\"elementor-button elementor-button-link elementor-size-sm\" href=\"#elementor-action%3Aaction%3Dpopup%3Aopen%26settings%3DeyJpZCI6IjY1NDkiLCJ0b2dnbGUiOmZhbHNlfQ%3D%3D\">\n\t\t\t\t\t\t<span class=\"elementor-button-content-wrapper\">\n\t\t\t\t\t\t\t\t\t<span class=\"elementor-button-text\">Solicitar presupuesto<\/span>\n\t\t\t\t\t<\/span>\n\t\t\t\t\t<\/a>\n\t\t\t\t<\/div>\n\t\t\t\t\t\t\t\t<\/div>\n\t\t\t\t<\/div>\n\t\t\t\t<\/div>\n\t\t\t\t<\/div>\n\t\t<div class=\"elementor-element elementor-element-5d82fa6 e-con-full e-flex elementor-invisible e-con e-child\" data-id=\"5d82fa6\" data-element_type=\"container\" data-e-type=\"container\" data-settings=\"{&quot;animation&quot;:&quot;fadeInUp&quot;}\">\n\t\t\t\t<div class=\"elementor-element elementor-element-5eb2fe8 elementor-widget elementor-widget-image\" data-id=\"5eb2fe8\" data-element_type=\"widget\" data-e-type=\"widget\" data-widget_type=\"image.default\">\n\t\t\t\t<div class=\"elementor-widget-container\">\n\t\t\t\t\t\t\t\t\t\t\t\t\t\t\t<img decoding=\"async\" width=\"2560\" height=\"1707\" src=\"https:\/\/hotelquadrifolio.com\/wp-content\/uploads\/2024\/10\/Salon-Biblioteca-Hotel-Quadrifolio-Cartagena-scaled.jpg\" class=\"attachment-full size-full wp-image-5215\" alt=\"\" srcset=\"https:\/\/hotelquadrifolio.com\/wp-content\/uploads\/2024\/10\/Salon-Biblioteca-Hotel-Quadrifolio-Cartagena-scaled.jpg 2560w, https:\/\/hotelquadrifolio.com\/wp-content\/uploads\/2024\/10\/Salon-Biblioteca-Hotel-Quadrifolio-Cartagena-300x200.jpg 300w, https:\/\/hotelquadrifolio.com\/wp-content\/uploads\/2024\/10\/Salon-Biblioteca-Hotel-Quadrifolio-Cartagena-1024x683.jpg 1024w, https:\/\/hotelquadrifolio.com\/wp-content\/uploads\/2024\/10\/Salon-Biblioteca-Hotel-Quadrifolio-Cartagena-768x512.jpg 768w, https:\/\/hotelquadrifolio.com\/wp-content\/uploads\/2024\/10\/Salon-Biblioteca-Hotel-Quadrifolio-Cartagena-1536x1024.jpg 1536w, https:\/\/hotelquadrifolio.com\/wp-content\/uploads\/2024\/10\/Salon-Biblioteca-Hotel-Quadrifolio-Cartagena-2048x1365.jpg 2048w, https:\/\/hotelquadrifolio.com\/wp-content\/uploads\/2024\/10\/Salon-Biblioteca-Hotel-Quadrifolio-Cartagena-18x12.jpg 18w\" sizes=\"(max-width: 2560px) 100vw, 2560px\" \/>\t\t\t\t\t\t\t\t\t\t\t\t\t\t\t<\/div>\n\t\t\t\t<\/div>\n\t\t<div class=\"elementor-element elementor-element-c9d8e79 e-con-full e-flex e-con e-child\" data-id=\"c9d8e79\" data-element_type=\"container\" data-e-type=\"container\" data-settings=\"{&quot;background_background&quot;:&quot;classic&quot;}\">\n\t\t\t\t<div class=\"elementor-element elementor-element-22baaf6 elementor-widget elementor-widget-heading\" data-id=\"22baaf6\" data-element_type=\"widget\" data-e-type=\"widget\" data-widget_type=\"heading.default\">\n\t\t\t\t<div class=\"elementor-widget-container\">\n\t\t\t\t\t<h2 class=\"elementor-heading-title elementor-size-default\">Sal\u00f3n Biblioteca<\/h2>\t\t\t\t<\/div>\n\t\t\t\t<\/div>\n\t\t\t\t<div class=\"elementor-element elementor-element-c35b265 elementor-widget__width-initial elementor-widget elementor-widget-text-editor\" data-id=\"c35b265\" data-element_type=\"widget\" data-e-type=\"widget\" data-widget_type=\"text-editor.default\">\n\t\t\t\t<div class=\"elementor-widget-container\">\n\t\t\t\t\t\t\t\t\tEste espacio ofrece el marco perfecto para un evento en el que los invitados vivan una experiencia sofisticada. Este sal\u00f3n dispone de un balc\u00f3n privado y una exquisita biblioteca, la combinaci\u00f3n perfecta que invita a una indudable contemplaci\u00f3n y deleite de todos los sentidos.\t\t\t\t\t\t\t\t<\/div>\n\t\t\t\t<\/div>\n\t\t\t\t<div class=\"elementor-element elementor-element-2c5b40a elementor-align-left elementor-widget elementor-widget-button\" data-id=\"2c5b40a\" data-element_type=\"widget\" data-e-type=\"widget\" data-widget_type=\"button.default\">\n\t\t\t\t<div class=\"elementor-widget-container\">\n\t\t\t\t\t\t\t\t\t<div class=\"elementor-button-wrapper\">\n\t\t\t\t\t<a class=\"elementor-button elementor-button-link elementor-size-sm\" href=\"#elementor-action%3Aaction%3Dpopup%3Aopen%26settings%3DeyJpZCI6IjY1NTciLCJ0b2dnbGUiOmZhbHNlfQ%3D%3D\">\n\t\t\t\t\t\t<span class=\"elementor-button-content-wrapper\">\n\t\t\t\t\t\t\t\t\t<span class=\"elementor-button-text\">Solicitar presupuesto<\/span>\n\t\t\t\t\t<\/span>\n\t\t\t\t\t<\/a>\n\t\t\t\t<\/div>\n\t\t\t\t\t\t\t\t<\/div>\n\t\t\t\t<\/div>\n\t\t\t\t<\/div>\n\t\t\t\t<\/div>\n\t\t\t\t<\/div>\n\t\t\t\t<\/div>\n\t\t","protected":false},"excerpt":{"rendered":"<p>Inspirando Tus momentos En Quadrifolio hay espacios \u00fanicos para quienes desean destacar en sus eventos a trav\u00e9s de experiencias emblem\u00e1ticas de primera clase. Los salones est\u00e1n ambientados con artesan\u00edas que evocan un rico legado cultural, donde la influencia del arte africano se entrelaza con el estilo colonial cartagenero del siglo XVII. Reservar Salones Sal\u00f3n Quadrifolio [&hellip;]<\/p>\n","protected":false},"author":1,"featured_media":0,"parent":0,"menu_order":0,"comment_status":"closed","ping_status":"closed","template":"elementor_header_footer","meta":{"footnotes":""},"class_list":["post-5126","page","type-page","status-publish","hentry"],"_links":{"self":[{"href":"https:\/\/hotelquadrifolio.com\/es\/wp-json\/wp\/v2\/pages\/5126","targetHints":{"allow":["GET"]}}],"collection":[{"href":"https:\/\/hotelquadrifolio.com\/es\/wp-json\/wp\/v2\/pages"}],"about":[{"href":"https:\/\/hotelquadrifolio.com\/es\/wp-json\/wp\/v2\/types\/page"}],"author":[{"embeddable":true,"href":"https:\/\/hotelquadrifolio.com\/es\/wp-json\/wp\/v2\/users\/1"}],"replies":[{"embeddable":true,"href":"https:\/\/hotelquadrifolio.com\/es\/wp-json\/wp\/v2\/comments?post=5126"}],"version-history":[{"count":220,"href":"https:\/\/hotelquadrifolio.com\/es\/wp-json\/wp\/v2\/pages\/5126\/revisions"}],"predecessor-version":[{"id":6564,"href":"https:\/\/hotelquadrifolio.com\/es\/wp-json\/wp\/v2\/pages\/5126\/revisions\/6564"}],"wp:attachment":[{"href":"https:\/\/hotelquadrifolio.com\/es\/wp-json\/wp\/v2\/media?parent=5126"}],"curies":[{"name":"wp","href":"https:\/\/api.w.org\/{rel}","templated":true}]}}