{"id":4946,"date":"2024-10-25T16:22:45","date_gmt":"2024-10-25T14:22:45","guid":{"rendered":"https:\/\/hotelquadrifolio.com\/?page_id=4946"},"modified":"2024-10-25T17:31:59","modified_gmt":"2024-10-25T15:31:59","slug":"politica-de-sostenibilidad","status":"publish","type":"page","link":"https:\/\/hotelquadrifolio.com\/es\/politica-de-sostenibilidad\/","title":{"rendered":"Pol\u00edtica de Sostenibilidad"},"content":{"rendered":"\t\t<div data-elementor-type=\"wp-page\" data-elementor-id=\"4946\" class=\"elementor elementor-4946\" data-elementor-post-type=\"page\">\n\t\t\t\t<div class=\"elementor-element elementor-element-7c14ae4 e-flex e-con-boxed e-con e-parent\" data-id=\"7c14ae4\" data-element_type=\"container\" data-e-type=\"container\" data-settings=\"{&quot;background_background&quot;:&quot;classic&quot;}\">\n\t\t\t\t\t<div class=\"e-con-inner\">\n\t\t\t\t\t<\/div>\n\t\t\t\t<\/div>\n\t\t<div class=\"elementor-element elementor-element-e54c32a e-flex e-con-boxed elementor-invisible e-con e-parent\" data-id=\"e54c32a\" data-element_type=\"container\" data-e-type=\"container\" data-settings=\"{&quot;animation&quot;:&quot;fadeInUp&quot;}\">\n\t\t\t\t\t<div class=\"e-con-inner\">\n\t\t\t\t<div class=\"elementor-element elementor-element-deb111e elementor-widget elementor-widget-heading\" data-id=\"deb111e\" data-element_type=\"widget\" data-e-type=\"widget\" data-widget_type=\"heading.default\">\n\t\t\t\t<div class=\"elementor-widget-container\">\n\t\t\t\t\t<h2 class=\"elementor-heading-title elementor-size-default\">Pol\u00edtica de Sostenibilidad<\/h2>\t\t\t\t<\/div>\n\t\t\t\t<\/div>\n\t\t\t\t<div class=\"elementor-element elementor-element-745c738 elementor-widget elementor-widget-text-editor\" data-id=\"745c738\" data-element_type=\"widget\" data-e-type=\"widget\" data-widget_type=\"text-editor.default\">\n\t\t\t\t<div class=\"elementor-widget-container\">\n\t\t\t\t\t\t\t\t\tEn el Hotel Quadrifolio trabajamos todos los d\u00edas en la integraci\u00f3n de nuestras cuatro \u00e1reas de operaci\u00f3n: servicio, comodidad, privacidad y elegancia; \u00e1reas que vinculamos al desarrollo sostenible en nuestros procesos de negocio.\nCreemos que la sostenibilidad es el elemento clave que permitir\u00e1 que el turismo siga siendo un motor de la econom\u00eda de nuestro pa\u00eds. Por lo tanto, planeamos continuar aprendiendo de nuestras experiencias y nos mantenemos comprometidos con un proceso continuo de mejora para fortalecer la relaci\u00f3n con nuestros grupos de inter\u00e9s.\t\t\t\t\t\t\t\t<\/div>\n\t\t\t\t<\/div>\n\t\t\t\t\t<\/div>\n\t\t\t\t<\/div>\n\t\t<div class=\"elementor-element elementor-element-8a4d274 e-flex e-con-boxed elementor-invisible e-con e-parent\" data-id=\"8a4d274\" data-element_type=\"container\" data-e-type=\"container\" data-settings=\"{&quot;animation&quot;:&quot;fadeInUp&quot;}\">\n\t\t\t\t\t<div class=\"e-con-inner\">\n\t\t\t\t<div class=\"elementor-element elementor-element-bd7739e elementor-widget elementor-widget-heading\" data-id=\"bd7739e\" data-element_type=\"widget\" data-e-type=\"widget\" data-widget_type=\"heading.default\">\n\t\t\t\t<div class=\"elementor-widget-container\">\n\t\t\t\t\t<h2 class=\"elementor-heading-title elementor-size-default\">Pr\u00e1cticas de Sostenibilidad\n<\/h2>\t\t\t\t<\/div>\n\t\t\t\t<\/div>\n\t\t\t\t<div class=\"elementor-element elementor-element-c18115e elementor-widget elementor-widget-text-editor\" data-id=\"c18115e\" data-element_type=\"widget\" data-e-type=\"widget\" data-widget_type=\"text-editor.default\">\n\t\t\t\t<div class=\"elementor-widget-container\">\n\t\t\t\t\t\t\t\t\tAqu\u00ed algunas iniciativas de sostenibilidad implementadas:\t\t\t\t\t\t\t\t<\/div>\n\t\t\t\t<\/div>\n\t\t\t\t\t<\/div>\n\t\t\t\t<\/div>\n\t\t<div class=\"elementor-element elementor-element-acb8b3a e-con-full e-flex elementor-invisible e-con e-child\" data-id=\"acb8b3a\" data-element_type=\"container\" data-e-type=\"container\" data-settings=\"{&quot;animation&quot;:&quot;zoomIn&quot;}\">\n\t\t<div class=\"elementor-element elementor-element-be1840d e-con-full e-flex e-con e-child\" data-id=\"be1840d\" data-element_type=\"container\" data-e-type=\"container\">\n\t\t<div class=\"elementor-element elementor-element-e128092 e-grid e-con-full e-con e-child\" data-id=\"e128092\" data-element_type=\"container\" data-e-type=\"container\">\n\t\t\t\t<div class=\"elementor-element elementor-element-f70cefb elementor-position-top elementor-invisible elementor-widget elementor-widget-image-box\" data-id=\"f70cefb\" data-element_type=\"widget\" data-e-type=\"widget\" data-settings=\"{&quot;_animation&quot;:&quot;fadeInLeft&quot;}\" data-widget_type=\"image-box.default\">\n\t\t\t\t<div class=\"elementor-widget-container\">\n\t\t\t\t\t<div class=\"elementor-image-box-wrapper\"><figure class=\"elementor-image-box-img\"><img fetchpriority=\"high\" decoding=\"async\" width=\"256\" height=\"256\" src=\"https:\/\/hotelquadrifolio.com\/wp-content\/uploads\/2024\/10\/Contratamos-mano-de-obra-local-Hotel-Quadrifolio-Cartagena.png\" class=\"attachment-full size-full wp-image-5013\" alt=\"\" srcset=\"https:\/\/hotelquadrifolio.com\/wp-content\/uploads\/2024\/10\/Contratamos-mano-de-obra-local-Hotel-Quadrifolio-Cartagena.png 256w, https:\/\/hotelquadrifolio.com\/wp-content\/uploads\/2024\/10\/Contratamos-mano-de-obra-local-Hotel-Quadrifolio-Cartagena-150x150.png 150w, https:\/\/hotelquadrifolio.com\/wp-content\/uploads\/2024\/10\/Contratamos-mano-de-obra-local-Hotel-Quadrifolio-Cartagena-12x12.png 12w\" sizes=\"(max-width: 256px) 100vw, 256px\" \/><\/figure><div class=\"elementor-image-box-content\"><h3 class=\"elementor-image-box-title\">Contratamos mano de obra local<\/h3><p class=\"elementor-image-box-description\">Esto no solo fortalece la econom\u00eda de la regi\u00f3n, sino que tambi\u00e9n nos permite colaborar con artesanos y profesionales que entienden y valoran nuestra cultura y tradiciones.<\/p><\/div><\/div>\t\t\t\t<\/div>\n\t\t\t\t<\/div>\n\t\t\t\t<div class=\"elementor-element elementor-element-342951f elementor-position-top elementor-invisible elementor-widget elementor-widget-image-box\" data-id=\"342951f\" data-element_type=\"widget\" data-e-type=\"widget\" data-settings=\"{&quot;_animation&quot;:&quot;fadeInLeft&quot;}\" data-widget_type=\"image-box.default\">\n\t\t\t\t<div class=\"elementor-widget-container\">\n\t\t\t\t\t<div class=\"elementor-image-box-wrapper\"><figure class=\"elementor-image-box-img\"><img decoding=\"async\" width=\"256\" height=\"256\" src=\"https:\/\/hotelquadrifolio.com\/wp-content\/uploads\/2024\/10\/Eco-Consciencia-Hotel-Quadrifolio-Cartagena.png\" class=\"attachment-full size-full wp-image-4972\" alt=\"\" srcset=\"https:\/\/hotelquadrifolio.com\/wp-content\/uploads\/2024\/10\/Eco-Consciencia-Hotel-Quadrifolio-Cartagena.png 256w, https:\/\/hotelquadrifolio.com\/wp-content\/uploads\/2024\/10\/Eco-Consciencia-Hotel-Quadrifolio-Cartagena-150x150.png 150w, https:\/\/hotelquadrifolio.com\/wp-content\/uploads\/2024\/10\/Eco-Consciencia-Hotel-Quadrifolio-Cartagena-12x12.png 12w\" sizes=\"(max-width: 256px) 100vw, 256px\" \/><\/figure><div class=\"elementor-image-box-content\"><h3 class=\"elementor-image-box-title\">Eco-Consciencia<\/h3><p class=\"elementor-image-box-description\">Incentivamos a los clientes a conservar el medio ambiente a trav\u00e9s de mensajes en los videos institucionales que se encuentran en los televisores del Hotel de las zonas comunes y habitaciones.<\/p><\/div><\/div>\t\t\t\t<\/div>\n\t\t\t\t<\/div>\n\t\t\t\t<div class=\"elementor-element elementor-element-e754506 elementor-position-top elementor-invisible elementor-widget elementor-widget-image-box\" data-id=\"e754506\" data-element_type=\"widget\" data-e-type=\"widget\" data-settings=\"{&quot;_animation&quot;:&quot;fadeInLeft&quot;}\" data-widget_type=\"image-box.default\">\n\t\t\t\t<div class=\"elementor-widget-container\">\n\t\t\t\t\t<div class=\"elementor-image-box-wrapper\"><figure class=\"elementor-image-box-img\"><img decoding=\"async\" width=\"256\" height=\"256\" src=\"https:\/\/hotelquadrifolio.com\/wp-content\/uploads\/2024\/10\/Reutilizacion-Solidaria-Hotel-Quadrifolio-Cartagena.png\" class=\"attachment-full size-full wp-image-4982\" alt=\"\" srcset=\"https:\/\/hotelquadrifolio.com\/wp-content\/uploads\/2024\/10\/Reutilizacion-Solidaria-Hotel-Quadrifolio-Cartagena.png 256w, https:\/\/hotelquadrifolio.com\/wp-content\/uploads\/2024\/10\/Reutilizacion-Solidaria-Hotel-Quadrifolio-Cartagena-150x150.png 150w, https:\/\/hotelquadrifolio.com\/wp-content\/uploads\/2024\/10\/Reutilizacion-Solidaria-Hotel-Quadrifolio-Cartagena-12x12.png 12w\" sizes=\"(max-width: 256px) 100vw, 256px\" \/><\/figure><div class=\"elementor-image-box-content\"><h3 class=\"elementor-image-box-title\">Reutilizaci\u00f3n Solidaria<\/h3><p class=\"elementor-image-box-description\">Recolectamos materiales de uso del hotel como sabanas, almohadas, colchones, art\u00edculos de cocina y dem\u00e1s que se encuentren en buenas condiciones para Fundaciones locales.\n\n<\/p><\/div><\/div>\t\t\t\t<\/div>\n\t\t\t\t<\/div>\n\t\t\t\t<div class=\"elementor-element elementor-element-d926041 elementor-position-top elementor-invisible elementor-widget elementor-widget-image-box\" data-id=\"d926041\" data-element_type=\"widget\" data-e-type=\"widget\" data-settings=\"{&quot;_animation&quot;:&quot;fadeInLeft&quot;}\" data-widget_type=\"image-box.default\">\n\t\t\t\t<div class=\"elementor-widget-container\">\n\t\t\t\t\t<div class=\"elementor-image-box-wrapper\"><figure class=\"elementor-image-box-img\"><img loading=\"lazy\" decoding=\"async\" width=\"256\" height=\"256\" src=\"https:\/\/hotelquadrifolio.com\/wp-content\/uploads\/2024\/10\/Filtros-de-Agua-Hotel-Quadrifolio-Cartagena.png\" class=\"attachment-full size-full wp-image-4986\" alt=\"\" srcset=\"https:\/\/hotelquadrifolio.com\/wp-content\/uploads\/2024\/10\/Filtros-de-Agua-Hotel-Quadrifolio-Cartagena.png 256w, https:\/\/hotelquadrifolio.com\/wp-content\/uploads\/2024\/10\/Filtros-de-Agua-Hotel-Quadrifolio-Cartagena-150x150.png 150w, https:\/\/hotelquadrifolio.com\/wp-content\/uploads\/2024\/10\/Filtros-de-Agua-Hotel-Quadrifolio-Cartagena-12x12.png 12w\" sizes=\"(max-width: 256px) 100vw, 256px\" \/><\/figure><div class=\"elementor-image-box-content\"><h3 class=\"elementor-image-box-title\">Filtros de Agua<\/h3><p class=\"elementor-image-box-description\">Filtros de agua instalados en zona de hidrataci\u00f3n del hotel, de esta manera promovemos el No uso de Pl\u00e1sticos.<\/p><\/div><\/div>\t\t\t\t<\/div>\n\t\t\t\t<\/div>\n\t\t\t\t<div class=\"elementor-element elementor-element-0f4f326 elementor-position-top elementor-invisible elementor-widget elementor-widget-image-box\" data-id=\"0f4f326\" data-element_type=\"widget\" data-e-type=\"widget\" data-settings=\"{&quot;_animation&quot;:&quot;fadeInLeft&quot;}\" data-widget_type=\"image-box.default\">\n\t\t\t\t<div class=\"elementor-widget-container\">\n\t\t\t\t\t<div class=\"elementor-image-box-wrapper\"><figure class=\"elementor-image-box-img\"><img loading=\"lazy\" decoding=\"async\" width=\"256\" height=\"256\" src=\"https:\/\/hotelquadrifolio.com\/wp-content\/uploads\/2024\/10\/proteccion-infantil-Hotel-Quadrifolio-Cartagena.png\" class=\"attachment-full size-full wp-image-4990\" alt=\"\" srcset=\"https:\/\/hotelquadrifolio.com\/wp-content\/uploads\/2024\/10\/proteccion-infantil-Hotel-Quadrifolio-Cartagena.png 256w, https:\/\/hotelquadrifolio.com\/wp-content\/uploads\/2024\/10\/proteccion-infantil-Hotel-Quadrifolio-Cartagena-150x150.png 150w, https:\/\/hotelquadrifolio.com\/wp-content\/uploads\/2024\/10\/proteccion-infantil-Hotel-Quadrifolio-Cartagena-12x12.png 12w\" sizes=\"(max-width: 256px) 100vw, 256px\" \/><\/figure><div class=\"elementor-image-box-content\"><h3 class=\"elementor-image-box-title\">Cultura de Protecci\u00f3n Infantil<\/h3><p class=\"elementor-image-box-description\">Cultura de protecci\u00f3n a nuestros menores de edad en contra del abuso y explotaci\u00f3n sexual.<\/p><\/div><\/div>\t\t\t\t<\/div>\n\t\t\t\t<\/div>\n\t\t\t\t<div class=\"elementor-element elementor-element-2e96b15 elementor-position-top elementor-invisible elementor-widget elementor-widget-image-box\" data-id=\"2e96b15\" data-element_type=\"widget\" data-e-type=\"widget\" data-settings=\"{&quot;_animation&quot;:&quot;fadeInLeft&quot;}\" data-widget_type=\"image-box.default\">\n\t\t\t\t<div class=\"elementor-widget-container\">\n\t\t\t\t\t<div class=\"elementor-image-box-wrapper\"><figure class=\"elementor-image-box-img\"><img loading=\"lazy\" decoding=\"async\" width=\"256\" height=\"256\" src=\"https:\/\/hotelquadrifolio.com\/wp-content\/uploads\/2024\/10\/Provision-de-Botellitas-Hotel-Quadrifolio-Cartagena.png\" class=\"attachment-full size-full wp-image-4994\" alt=\"\" srcset=\"https:\/\/hotelquadrifolio.com\/wp-content\/uploads\/2024\/10\/Provision-de-Botellitas-Hotel-Quadrifolio-Cartagena.png 256w, https:\/\/hotelquadrifolio.com\/wp-content\/uploads\/2024\/10\/Provision-de-Botellitas-Hotel-Quadrifolio-Cartagena-150x150.png 150w, https:\/\/hotelquadrifolio.com\/wp-content\/uploads\/2024\/10\/Provision-de-Botellitas-Hotel-Quadrifolio-Cartagena-12x12.png 12w\" sizes=\"(max-width: 256px) 100vw, 256px\" \/><\/figure><div class=\"elementor-image-box-content\"><h3 class=\"elementor-image-box-title\">Provisi\u00f3n de Botellitas<\/h3><p class=\"elementor-image-box-description\">Distribuci\u00f3n de Botilitos a los hu\u00e9spedes para el uso de los filtros de agua.<\/p><\/div><\/div>\t\t\t\t<\/div>\n\t\t\t\t<\/div>\n\t\t\t\t<div class=\"elementor-element elementor-element-64bc5f2 elementor-position-top elementor-invisible elementor-widget elementor-widget-image-box\" data-id=\"64bc5f2\" data-element_type=\"widget\" data-e-type=\"widget\" data-settings=\"{&quot;_animation&quot;:&quot;fadeInLeft&quot;}\" data-widget_type=\"image-box.default\">\n\t\t\t\t<div class=\"elementor-widget-container\">\n\t\t\t\t\t<div class=\"elementor-image-box-wrapper\"><figure class=\"elementor-image-box-img\"><img loading=\"lazy\" decoding=\"async\" width=\"256\" height=\"256\" src=\"https:\/\/hotelquadrifolio.com\/wp-content\/uploads\/2024\/10\/Compromiso-Ambiental-Hotel-Quadrifolio-Cartagena.png\" class=\"attachment-full size-full wp-image-4974\" alt=\"\" srcset=\"https:\/\/hotelquadrifolio.com\/wp-content\/uploads\/2024\/10\/Compromiso-Ambiental-Hotel-Quadrifolio-Cartagena.png 256w, https:\/\/hotelquadrifolio.com\/wp-content\/uploads\/2024\/10\/Compromiso-Ambiental-Hotel-Quadrifolio-Cartagena-150x150.png 150w, https:\/\/hotelquadrifolio.com\/wp-content\/uploads\/2024\/10\/Compromiso-Ambiental-Hotel-Quadrifolio-Cartagena-12x12.png 12w\" sizes=\"(max-width: 256px) 100vw, 256px\" \/><\/figure><div class=\"elementor-image-box-content\"><h3 class=\"elementor-image-box-title\">Compromiso Ambiental<\/h3><p class=\"elementor-image-box-description\">Reciclamos y hacemos entrega a las autoridades competentes los desechos previamente clasificados.<\/p><\/div><\/div>\t\t\t\t<\/div>\n\t\t\t\t<\/div>\n\t\t\t\t<div class=\"elementor-element elementor-element-e2718c7 elementor-position-top elementor-invisible elementor-widget elementor-widget-image-box\" data-id=\"e2718c7\" data-element_type=\"widget\" data-e-type=\"widget\" data-settings=\"{&quot;_animation&quot;:&quot;fadeInLeft&quot;}\" data-widget_type=\"image-box.default\">\n\t\t\t\t<div class=\"elementor-widget-container\">\n\t\t\t\t\t<div class=\"elementor-image-box-wrapper\"><figure class=\"elementor-image-box-img\"><img loading=\"lazy\" decoding=\"async\" width=\"256\" height=\"256\" src=\"https:\/\/hotelquadrifolio.com\/wp-content\/uploads\/2024\/10\/Oficinas-Sostenibles-Hotel-Quadrifolio-Cartagena.png\" class=\"attachment-full size-full wp-image-5009\" alt=\"\" srcset=\"https:\/\/hotelquadrifolio.com\/wp-content\/uploads\/2024\/10\/Oficinas-Sostenibles-Hotel-Quadrifolio-Cartagena.png 256w, https:\/\/hotelquadrifolio.com\/wp-content\/uploads\/2024\/10\/Oficinas-Sostenibles-Hotel-Quadrifolio-Cartagena-150x150.png 150w, https:\/\/hotelquadrifolio.com\/wp-content\/uploads\/2024\/10\/Oficinas-Sostenibles-Hotel-Quadrifolio-Cartagena-12x12.png 12w\" sizes=\"(max-width: 256px) 100vw, 256px\" \/><\/figure><div class=\"elementor-image-box-content\"><h3 class=\"elementor-image-box-title\">Oficinas Sostenibles<\/h3><p class=\"elementor-image-box-description\">Eliminaci\u00f3n de pitillos y uso de papel ecol\u00f3gico en las oficinas y cultura de NO impresi\u00f3n.<\/p><\/div><\/div>\t\t\t\t<\/div>\n\t\t\t\t<\/div>\n\t\t\t\t<div class=\"elementor-element elementor-element-fb37f39 elementor-position-top elementor-invisible elementor-widget elementor-widget-image-box\" data-id=\"fb37f39\" data-element_type=\"widget\" data-e-type=\"widget\" data-settings=\"{&quot;_animation&quot;:&quot;fadeInLeft&quot;}\" data-widget_type=\"image-box.default\">\n\t\t\t\t<div class=\"elementor-widget-container\">\n\t\t\t\t\t<div class=\"elementor-image-box-wrapper\"><figure class=\"elementor-image-box-img\"><img loading=\"lazy\" decoding=\"async\" width=\"256\" height=\"256\" src=\"https:\/\/hotelquadrifolio.com\/wp-content\/uploads\/2024\/10\/Gestion-de-Residuos-Hotel-Quadrifolio-Cartagena.png\" class=\"attachment-full size-full wp-image-4998\" alt=\"\" srcset=\"https:\/\/hotelquadrifolio.com\/wp-content\/uploads\/2024\/10\/Gestion-de-Residuos-Hotel-Quadrifolio-Cartagena.png 256w, https:\/\/hotelquadrifolio.com\/wp-content\/uploads\/2024\/10\/Gestion-de-Residuos-Hotel-Quadrifolio-Cartagena-150x150.png 150w, https:\/\/hotelquadrifolio.com\/wp-content\/uploads\/2024\/10\/Gestion-de-Residuos-Hotel-Quadrifolio-Cartagena-12x12.png 12w\" sizes=\"(max-width: 256px) 100vw, 256px\" \/><\/figure><div class=\"elementor-image-box-content\"><h3 class=\"elementor-image-box-title\">Gesti\u00f3n de Residuos<\/h3><p class=\"elementor-image-box-description\">Clasificaci\u00f3n de aceites y grasas para entrega a proveedor encargado de manejo de este residuo.<\/p><\/div><\/div>\t\t\t\t<\/div>\n\t\t\t\t<\/div>\n\t\t\t\t<div class=\"elementor-element elementor-element-18b0cf6 elementor-position-top elementor-invisible elementor-widget elementor-widget-image-box\" data-id=\"18b0cf6\" data-element_type=\"widget\" data-e-type=\"widget\" data-settings=\"{&quot;_animation&quot;:&quot;fadeInLeft&quot;}\" data-widget_type=\"image-box.default\">\n\t\t\t\t<div class=\"elementor-widget-container\">\n\t\t\t\t\t<div class=\"elementor-image-box-wrapper\"><figure class=\"elementor-image-box-img\"><img loading=\"lazy\" decoding=\"async\" width=\"256\" height=\"256\" src=\"https:\/\/hotelquadrifolio.com\/wp-content\/uploads\/2024\/10\/Adios-al-Plastico-Hotel-Quadrifolio-Cartagena.png\" class=\"attachment-full size-full wp-image-5002\" alt=\"\" srcset=\"https:\/\/hotelquadrifolio.com\/wp-content\/uploads\/2024\/10\/Adios-al-Plastico-Hotel-Quadrifolio-Cartagena.png 256w, https:\/\/hotelquadrifolio.com\/wp-content\/uploads\/2024\/10\/Adios-al-Plastico-Hotel-Quadrifolio-Cartagena-150x150.png 150w, https:\/\/hotelquadrifolio.com\/wp-content\/uploads\/2024\/10\/Adios-al-Plastico-Hotel-Quadrifolio-Cartagena-12x12.png 12w\" sizes=\"(max-width: 256px) 100vw, 256px\" \/><\/figure><div class=\"elementor-image-box-content\"><h3 class=\"elementor-image-box-title\">Adi\u00f3s al Pl\u00e1stico<\/h3><p class=\"elementor-image-box-description\">Se elimina del mini bar botellas de agua en envase de pl\u00e1stico.<\/p><\/div><\/div>\t\t\t\t<\/div>\n\t\t\t\t<\/div>\n\t\t\t\t<div class=\"elementor-element elementor-element-bc40297 elementor-position-top elementor-invisible elementor-widget elementor-widget-image-box\" data-id=\"bc40297\" data-element_type=\"widget\" data-e-type=\"widget\" data-settings=\"{&quot;_animation&quot;:&quot;fadeInLeft&quot;}\" data-widget_type=\"image-box.default\">\n\t\t\t\t<div class=\"elementor-widget-container\">\n\t\t\t\t\t<div class=\"elementor-image-box-wrapper\"><figure class=\"elementor-image-box-img\"><img loading=\"lazy\" decoding=\"async\" width=\"256\" height=\"256\" src=\"https:\/\/hotelquadrifolio.com\/wp-content\/uploads\/2024\/10\/Proteccion-Flora-y-Fauna-Quadrifolio.png\" class=\"attachment-full size-full wp-image-4978\" alt=\"\" srcset=\"https:\/\/hotelquadrifolio.com\/wp-content\/uploads\/2024\/10\/Proteccion-Flora-y-Fauna-Quadrifolio.png 256w, https:\/\/hotelquadrifolio.com\/wp-content\/uploads\/2024\/10\/Proteccion-Flora-y-Fauna-Quadrifolio-150x150.png 150w, https:\/\/hotelquadrifolio.com\/wp-content\/uploads\/2024\/10\/Proteccion-Flora-y-Fauna-Quadrifolio-12x12.png 12w\" sizes=\"(max-width: 256px) 100vw, 256px\" \/><\/figure><div class=\"elementor-image-box-content\"><h3 class=\"elementor-image-box-title\">Cultura de Protecci\u00f3n Fauna y Flora<\/h3><p class=\"elementor-image-box-description\">Cultura de Protecci\u00f3n Fauna y Flora.<\/p><\/div><\/div>\t\t\t\t<\/div>\n\t\t\t\t<\/div>\n\t\t\t\t<\/div>\n\t\t\t\t<\/div>\n\t\t\t\t<\/div>\n\t\t<div class=\"elementor-element elementor-element-fce5790 e-flex e-con-boxed e-con e-parent\" data-id=\"fce5790\" data-element_type=\"container\" data-e-type=\"container\">\n\t\t\t\t\t<div class=\"e-con-inner\">\n\t\t\t\t<div class=\"elementor-element elementor-element-bcbb774 elementor-widget elementor-widget-text-editor\" data-id=\"bcbb774\" data-element_type=\"widget\" data-e-type=\"widget\" data-widget_type=\"text-editor.default\">\n\t\t\t\t<div class=\"elementor-widget-container\">\n\t\t\t\t\t\t\t\t\t<p>Con nuestros clientes, proveedores y socios, Hotel Quadrifolio se compromete a proporcionar servicios de alojamiento basados \u200b\u200ben minimizar los impactos negativos ambientales, socioculturales y econ\u00f3micos. Tambi\u00e9n estamos comprometidos con el empoderamiento de nuestros atributos socioculturales de conformidad con los requisitos legales aplicables para prevenir la explotaci\u00f3n sexual comercial de ni\u00f1os y adolescentes y mantener la arquitectura colonial del Centro Hist\u00f3rico de Cartagena. Haremos esto tambi\u00e9n asegurando la satisfacci\u00f3n de las necesidades de nuestros clientes en el marco del respeto a la cultura, un buen ambiente de trabajo para nuestros empleados y el acceso a proveedores con buenos est\u00e1ndares de <span style=\"color: #333333;\"><a style=\"color: #333333;\" href=\"https:\/\/www.youtube.com\/watch?v=JwuShNKkm58\"><strong>sostenibilidad<\/strong><\/a>.<\/span><\/p>\t\t\t\t\t\t\t\t<\/div>\n\t\t\t\t<\/div>\n\t\t\t\t\t<\/div>\n\t\t\t\t<\/div>\n\t\t\t\t<\/div>\n\t\t","protected":false},"excerpt":{"rendered":"<p>Pol\u00edtica de Sostenibilidad En el Hotel Quadrifolio trabajamos todos los d\u00edas en la integraci\u00f3n de nuestras cuatro \u00e1reas de operaci\u00f3n: servicio, comodidad, privacidad y elegancia; \u00e1reas que vinculamos al desarrollo sostenible en nuestros procesos de negocio. Creemos que la sostenibilidad es el elemento clave que permitir\u00e1 que el turismo siga siendo un motor de la [&hellip;]<\/p>\n","protected":false},"author":1,"featured_media":0,"parent":0,"menu_order":0,"comment_status":"closed","ping_status":"closed","template":"elementor_header_footer","meta":{"footnotes":""},"class_list":["post-4946","page","type-page","status-publish","hentry"],"_links":{"self":[{"href":"https:\/\/hotelquadrifolio.com\/es\/wp-json\/wp\/v2\/pages\/4946","targetHints":{"allow":["GET"]}}],"collection":[{"href":"https:\/\/hotelquadrifolio.com\/es\/wp-json\/wp\/v2\/pages"}],"about":[{"href":"https:\/\/hotelquadrifolio.com\/es\/wp-json\/wp\/v2\/types\/page"}],"author":[{"embeddable":true,"href":"https:\/\/hotelquadrifolio.com\/es\/wp-json\/wp\/v2\/users\/1"}],"replies":[{"embeddable":true,"href":"https:\/\/hotelquadrifolio.com\/es\/wp-json\/wp\/v2\/comments?post=4946"}],"version-history":[{"count":76,"href":"https:\/\/hotelquadrifolio.com\/es\/wp-json\/wp\/v2\/pages\/4946\/revisions"}],"predecessor-version":[{"id":5046,"href":"https:\/\/hotelquadrifolio.com\/es\/wp-json\/wp\/v2\/pages\/4946\/revisions\/5046"}],"wp:attachment":[{"href":"https:\/\/hotelquadrifolio.com\/es\/wp-json\/wp\/v2\/media?parent=4946"}],"curies":[{"name":"wp","href":"https:\/\/api.w.org\/{rel}","templated":true}]}}