{"id":4923,"date":"2024-10-24T22:21:11","date_gmt":"2024-10-24T20:21:11","guid":{"rendered":"https:\/\/hotelquadrifolio.com\/?page_id=4923"},"modified":"2024-10-24T22:32:51","modified_gmt":"2024-10-24T20:32:51","slug":"politica-de-privacidad","status":"publish","type":"page","link":"https:\/\/hotelquadrifolio.com\/es\/politica-de-privacidad\/","title":{"rendered":"Pol\u00edtica de Privacidad"},"content":{"rendered":"\t\t<div data-elementor-type=\"wp-page\" data-elementor-id=\"4923\" class=\"elementor elementor-4923\" data-elementor-post-type=\"page\">\n\t\t\t\t<div class=\"elementor-element elementor-element-f5f6b64 e-flex e-con-boxed e-con e-parent\" data-id=\"f5f6b64\" data-element_type=\"container\" data-e-type=\"container\" data-settings=\"{&quot;background_background&quot;:&quot;classic&quot;}\">\n\t\t\t\t\t<div class=\"e-con-inner\">\n\t\t\t\t\t<\/div>\n\t\t\t\t<\/div>\n\t\t<div class=\"elementor-element elementor-element-6072436 e-flex e-con-boxed elementor-invisible e-con e-parent\" data-id=\"6072436\" data-element_type=\"container\" data-e-type=\"container\" data-settings=\"{&quot;animation&quot;:&quot;fadeInUp&quot;}\">\n\t\t\t\t\t<div class=\"e-con-inner\">\n\t\t\t\t<div class=\"elementor-element elementor-element-d77f8f2 elementor-widget elementor-widget-heading\" data-id=\"d77f8f2\" data-element_type=\"widget\" data-e-type=\"widget\" data-widget_type=\"heading.default\">\n\t\t\t\t<div class=\"elementor-widget-container\">\n\t\t\t\t\t<h2 class=\"elementor-heading-title elementor-size-default\">Pol\u00edtica de privacidad<\/h2>\t\t\t\t<\/div>\n\t\t\t\t<\/div>\n\t\t\t\t<div class=\"elementor-element elementor-element-9bc08bd elementor-widget elementor-widget-heading\" data-id=\"9bc08bd\" data-element_type=\"widget\" data-e-type=\"widget\" data-widget_type=\"heading.default\">\n\t\t\t\t<div class=\"elementor-widget-container\">\n\t\t\t\t\t<h2 class=\"elementor-heading-title elementor-size-default\">Protecci\u00f3n de Datos<\/h2>\t\t\t\t<\/div>\n\t\t\t\t<\/div>\n\t\t\t\t<div class=\"elementor-element elementor-element-fefed18 elementor-widget elementor-widget-text-editor\" data-id=\"fefed18\" data-element_type=\"widget\" data-e-type=\"widget\" data-widget_type=\"text-editor.default\">\n\t\t\t\t<div class=\"elementor-widget-container\">\n\t\t\t\t\t\t\t\t\t<p>En cumplimiento de la Ley Estatutaria 1581 de 2.012 de Protecci\u00f3n de Datos (LEPD) y normas que la regulan, el presente Aviso de Privacidad tiene por objeto obtener la autorizaci\u00f3n expresa e informada del Titular para el tratamiento y transferencia de sus datos a terceros. Las condiciones del tratamiento son las siguientes:<\/p><p>OPERADORA HOTELERA QUADRIFOLIO S.A identificada con NIT N\u00b0 900059835, ser\u00e1 el responsable del tratamiento de sus datos personales.<\/p><p>Con el fin de recibir una atenci\u00f3n integral al cliente, los datos personales recabados ser\u00e1n tratados con las siguientes finalidades: Gesti\u00f3n Administrativa, Marketing y Prospecci\u00f3n Comercial.<\/p><p>Es facultativo proporcionar informaci\u00f3n sobre Datos Sensibles, entendidos como aquellos que afectan la privacidad o generan alg\u00fan tipo de discriminaci\u00f3n, o sobre menores de edad.<\/p><p>La pol\u00edtica de tratamiento de los datos del Titular, as\u00ed como los cambios sustanciales que se produzcan en los mismos, puede consultarse en el siguiente correo electr\u00f3nico: info@hotelquadrifolio.com<\/p><p>El Titular podr\u00e1 ejercitar los derechos de acceso, rectificaci\u00f3n, supresi\u00f3n, revocaci\u00f3n o reclamaci\u00f3n por violaci\u00f3n de sus datos mediante escrito dirigido a OPERADORA HOTELERA QUADRIFOLIO SA a la direcci\u00f3n de correo electr\u00f3nico info@hotelquadrifolio.com indicando en el asunto el derecho que desea ejercer ; o por correo enviado al CR 5 # 36 -118.<\/p>\t\t\t\t\t\t\t\t<\/div>\n\t\t\t\t<\/div>\n\t\t\t\t<div class=\"elementor-element elementor-element-0f49f6d elementor-widget elementor-widget-heading\" data-id=\"0f49f6d\" data-element_type=\"widget\" data-e-type=\"widget\" data-widget_type=\"heading.default\">\n\t\t\t\t<div class=\"elementor-widget-container\">\n\t\t\t\t\t<h2 class=\"elementor-heading-title elementor-size-default\">Cl\u00e1usula de consentimiento web<\/h2>\t\t\t\t<\/div>\n\t\t\t\t<\/div>\n\t\t\t\t<div class=\"elementor-element elementor-element-4c2db17 elementor-widget elementor-widget-text-editor\" data-id=\"4c2db17\" data-element_type=\"widget\" data-e-type=\"widget\" data-widget_type=\"text-editor.default\">\n\t\t\t\t<div class=\"elementor-widget-container\">\n\t\t\t\t\t\t\t\t\t<p>De conformidad con la Ley Org\u00e1nica 1581 de 2012 de Protecci\u00f3n de Datos y con el Decreto 1377 de 2013, se informa al usuario que los datos ingresados en este formulario ser\u00e1n incorporados a una base de datos bajo responsabilidad de OPERADORA HOTELERA QUADRIFOLIO SA, siendo tratados con la finalidad de : Gesti\u00f3n Administrativa, Marketing y Prospecci\u00f3n Comercial<\/p><p>Puede ejercer los derechos de acceso, rectificaci\u00f3n, supresi\u00f3n, revocaci\u00f3n o reclamaci\u00f3n por violaci\u00f3n de los datos, dirigi\u00e9ndose por escrito a OPERADORA HOTELERA QUADRIFOLIO SA a la direcci\u00f3n de correo electr\u00f3nico info@hotelquadrifolio.com, indicando en el asunto el derecho que desea ejercer, o por correo ordinario enviado a la direcci\u00f3n: CR 5 # 36 -118 CARTAGENA DE INDIAS, BOL\u00cdVAR.<\/p><p>El usuario declara haber le\u00eddo la cl\u00e1usula anterior y estar satisfecho con la misma.<\/p>\t\t\t\t\t\t\t\t<\/div>\n\t\t\t\t<\/div>\n\t\t\t\t\t<\/div>\n\t\t\t\t<\/div>\n\t\t\t\t<\/div>\n\t\t","protected":false},"excerpt":{"rendered":"<p>Pol\u00edtica de privacidad Protecci\u00f3n de Datos En cumplimiento de la Ley Estatutaria 1581 de 2.012 de Protecci\u00f3n de Datos (LEPD) y normas que la regulan, el presente Aviso de Privacidad tiene por objeto obtener la autorizaci\u00f3n expresa e informada del Titular para el tratamiento y transferencia de sus datos a terceros. Las condiciones del tratamiento [&hellip;]<\/p>\n","protected":false},"author":1,"featured_media":0,"parent":0,"menu_order":0,"comment_status":"closed","ping_status":"closed","template":"elementor_header_footer","meta":{"footnotes":""},"class_list":["post-4923","page","type-page","status-publish","hentry"],"_links":{"self":[{"href":"https:\/\/hotelquadrifolio.com\/es\/wp-json\/wp\/v2\/pages\/4923","targetHints":{"allow":["GET"]}}],"collection":[{"href":"https:\/\/hotelquadrifolio.com\/es\/wp-json\/wp\/v2\/pages"}],"about":[{"href":"https:\/\/hotelquadrifolio.com\/es\/wp-json\/wp\/v2\/types\/page"}],"author":[{"embeddable":true,"href":"https:\/\/hotelquadrifolio.com\/es\/wp-json\/wp\/v2\/users\/1"}],"replies":[{"embeddable":true,"href":"https:\/\/hotelquadrifolio.com\/es\/wp-json\/wp\/v2\/comments?post=4923"}],"version-history":[{"count":0,"href":"https:\/\/hotelquadrifolio.com\/es\/wp-json\/wp\/v2\/pages\/4923\/revisions"}],"wp:attachment":[{"href":"https:\/\/hotelquadrifolio.com\/es\/wp-json\/wp\/v2\/media?parent=4923"}],"curies":[{"name":"wp","href":"https:\/\/api.w.org\/{rel}","templated":true}]}}