{"id":4876,"date":"2024-10-24T21:59:27","date_gmt":"2024-10-24T19:59:27","guid":{"rendered":"https:\/\/hotelquadrifolio.com\/?page_id=4876"},"modified":"2024-10-24T22:18:28","modified_gmt":"2024-10-24T20:18:28","slug":"terminos-y-condiciones","status":"publish","type":"page","link":"https:\/\/hotelquadrifolio.com\/es\/terminos-y-condiciones\/","title":{"rendered":"T\u00e9rminos y Condiciones"},"content":{"rendered":"\t\t<div data-elementor-type=\"wp-page\" data-elementor-id=\"4876\" class=\"elementor elementor-4876\" data-elementor-post-type=\"page\">\n\t\t\t\t<div class=\"elementor-element elementor-element-eb4b20b e-flex e-con-boxed e-con e-parent\" data-id=\"eb4b20b\" data-element_type=\"container\" data-e-type=\"container\" data-settings=\"{&quot;background_background&quot;:&quot;classic&quot;}\">\n\t\t\t\t\t<div class=\"e-con-inner\">\n\t\t\t\t\t<\/div>\n\t\t\t\t<\/div>\n\t\t<div class=\"elementor-element elementor-element-eb70601 e-flex e-con-boxed elementor-invisible e-con e-parent\" data-id=\"eb70601\" data-element_type=\"container\" data-e-type=\"container\" data-settings=\"{&quot;animation&quot;:&quot;fadeInUp&quot;}\">\n\t\t\t\t\t<div class=\"e-con-inner\">\n\t\t\t\t<div class=\"elementor-element elementor-element-ee70641 elementor-widget elementor-widget-heading\" data-id=\"ee70641\" data-element_type=\"widget\" data-e-type=\"widget\" data-widget_type=\"heading.default\">\n\t\t\t\t<div class=\"elementor-widget-container\">\n\t\t\t\t\t<h2 class=\"elementor-heading-title elementor-size-default\">T\u00e9rminos y Condiciones<\/h2>\t\t\t\t<\/div>\n\t\t\t\t<\/div>\n\t\t\t\t<div class=\"elementor-element elementor-element-67abe2c elementor-widget elementor-widget-text-editor\" data-id=\"67abe2c\" data-element_type=\"widget\" data-e-type=\"widget\" data-widget_type=\"text-editor.default\">\n\t\t\t\t<div class=\"elementor-widget-container\">\n\t\t\t\t\t\t\t\t\t<p>Encuentre los T\u00e9rminos y condiciones del Hotel Quadrifolio a continuaci\u00f3n.<\/p><p>No comerciar ni comerciar ilegalmente con recursos culturales, dado que esto est\u00e1 penado por las leyes, decretos y resoluciones colombianas, espec\u00edficamente aquellas que se refieren a la protecci\u00f3n del patrimonio: Ley 103 de 1991, Decreto 904 de 1991, Ley 397 de 1997, Decreto 833 de 2002, Ley 1185 de 2008.<\/p><p>No comerciar con especies animales o vegetales silvestres, ya que esto est\u00e1 sancionado por la Ley 17 de 1981 y por la Resoluci\u00f3n Ministerial No 1367 de 2000. El Decreto 1608 establece que est\u00e1 prohibido cazar, acariciar y\/o transportar cualquier animal silvestre. Ayuda a prevenir el tr\u00e1fico ilegal de espacios naturales. Ley 599 de 2000 del C\u00f3digo Penal colombiano. Ley 165 de 1994 Convenio de la ONU sobre biodiversidad.<\/p><p>Tenga en cuenta que la explotaci\u00f3n, la pornograf\u00eda y el turismo sexual con ni\u00f1os, ni\u00f1as y adolescentes est\u00e1 prohibido y sancionado por la Ley 1336 de 2009, que refuerza la Ley 679 de 2001.<\/p>\t\t\t\t\t\t\t\t<\/div>\n\t\t\t\t<\/div>\n\t\t\t\t<div class=\"elementor-element elementor-element-74e168e elementor-widget elementor-widget-heading\" data-id=\"74e168e\" data-element_type=\"widget\" data-e-type=\"widget\" data-widget_type=\"heading.default\">\n\t\t\t\t<div class=\"elementor-widget-container\">\n\t\t\t\t\t<h2 class=\"elementor-heading-title elementor-size-default\">Pol\u00edtica de cookies<\/h2>\t\t\t\t<\/div>\n\t\t\t\t<\/div>\n\t\t\t\t<div class=\"elementor-element elementor-element-9b4cc59 elementor-widget elementor-widget-text-editor\" data-id=\"9b4cc59\" data-element_type=\"widget\" data-e-type=\"widget\" data-widget_type=\"text-editor.default\">\n\t\t\t\t<div class=\"elementor-widget-container\">\n\t\t\t\t\t\t\t\t\t<p>Las cookies son peque\u00f1os archivos de datos que se reciben en el terminal desde el sitio web visitado y se utilizan para registrar determinadas interacciones de navegaci\u00f3n en un sitio web, almacenando datos que pueden ser actualizados y recuperados. Estos archivos se almacenan en la computadora del usuario y contienen datos an\u00f3nimos que no son da\u00f1inos para su computadora. Se utilizan para recordar las preferencias del usuario, como el idioma seleccionado, datos de acceso o personalizaci\u00f3n de la p\u00e1gina. Las cookies tambi\u00e9n se pueden utilizar para registrar informaci\u00f3n an\u00f3nima sobre c\u00f3mo un visitante utiliza un sitio. Por ejemplo, desde qu\u00e9 p\u00e1gina Web ha accedido, o si ha utilizado un banner publicitario para llegar hasta all\u00ed.<br \/>Utilizamos cookies estrictamente necesarias e imprescindibles para que utilices nuestra web y te permitan moverte libremente, utilizar \u00e1reas seguras, opciones personalizadas, etc. Adem\u00e1s, utilizamos cookies que recogen datos relacionados con el an\u00e1lisis del uso de la Web. Se utilizan para ayudar a mejorar el servicio al usuario, midiendo el uso y rendimiento de la p\u00e1gina, para optimizarla y personalizarla.<\/p><p>Nuestros sitios tambi\u00e9n pueden tener enlaces a redes sociales (como Facebook o Twitter). La C\u00f3nica no controla las cookies utilizadas por estos sitios web externos. Para m\u00e1s informaci\u00f3n sobre las cookies de redes sociales u otros sitios web de terceros, le recomendamos revisar sus propias pol\u00edticas de cookies.<br \/>Las cookies propias son las generadas por la p\u00e1gina que est\u00e1s visitando.<\/p>\t\t\t\t\t\t\t\t<\/div>\n\t\t\t\t<\/div>\n\t\t\t\t<div class=\"elementor-element elementor-element-7e09329 elementor-widget elementor-widget-heading\" data-id=\"7e09329\" data-element_type=\"widget\" data-e-type=\"widget\" data-widget_type=\"heading.default\">\n\t\t\t\t<div class=\"elementor-widget-container\">\n\t\t\t\t\t<h2 class=\"elementor-heading-title elementor-size-default\">Cookies de terceros<\/h2>\t\t\t\t<\/div>\n\t\t\t\t<\/div>\n\t\t\t\t<div class=\"elementor-element elementor-element-4839ee0 elementor-widget elementor-widget-text-editor\" data-id=\"4839ee0\" data-element_type=\"widget\" data-e-type=\"widget\" data-widget_type=\"text-editor.default\">\n\t\t\t\t<div class=\"elementor-widget-container\">\n\t\t\t\t\t\t\t\t\t<p>Las cookies de terceros son aquellas generadas por servicios o proveedores externos, como Facebook, Twitter, Google, etc.<br \/>Cookies t\u00e9cnicas: Las cookies t\u00e9cnicas son aquellas imprescindibles y estrictamente necesarias para el correcto funcionamiento de un portal Web y la utilizaci\u00f3n de las diferentes opciones y servicios que ofrece.<br \/>Por ejemplo, aquellas que sirven para mantenimiento de sesiones, gesti\u00f3n del tiempo de respuesta, rendimiento o validaci\u00f3n de opciones, utilizar elementos de seguridad, compartir contenidos con redes sociales, etc.<br \/>Cookies de personalizaci\u00f3n: Estas cookies permiten al usuario especificar o personalizar algunas caracter\u00edsticas de las opciones generales de la p\u00e1gina Web, por ejemplo, definir el idioma, la configuraci\u00f3n regional o el tipo de navegador.<\/p>\t\t\t\t\t\t\t\t<\/div>\n\t\t\t\t<\/div>\n\t\t\t\t<div class=\"elementor-element elementor-element-c2d68f9 elementor-widget elementor-widget-heading\" data-id=\"c2d68f9\" data-element_type=\"widget\" data-e-type=\"widget\" data-widget_type=\"heading.default\">\n\t\t\t\t<div class=\"elementor-widget-container\">\n\t\t\t\t\t<h2 class=\"elementor-heading-title elementor-size-default\">Cookies anal\u00edticas<\/h2>\t\t\t\t<\/div>\n\t\t\t\t<\/div>\n\t\t\t\t<div class=\"elementor-element elementor-element-419f381 elementor-widget elementor-widget-text-editor\" data-id=\"419f381\" data-element_type=\"widget\" data-e-type=\"widget\" data-widget_type=\"text-editor.default\">\n\t\t\t\t<div class=\"elementor-widget-container\">\n\t\t\t\t\t\t\t\t\t<p>Las cookies anal\u00edticas son aquellas utilizadas por nuestros portales Web, para elaborar perfiles de navegaci\u00f3n y conocer las preferencias de sus usuarios con el fin de mejorar la oferta de productos y servicios.<br \/>Por ejemplo, mediante una cookie anal\u00edtica se controlar\u00edan las zonas geogr\u00e1ficas de mayor inter\u00e9s de un usuario, cu\u00e1l es el producto de mayor aceptaci\u00f3n, etc.<br \/>Cookies publicitarias\/publicitarias: Las cookies publicitarias permiten la gesti\u00f3n de los espacios publicitarios con base en criterios concretos. Por ejemplo, la frecuencia de acceso, el contenido editado, etc. Las cookies publicitarias permiten, a trav\u00e9s de la gesti\u00f3n de la publicidad, almacenar informaci\u00f3n del comportamiento a trav\u00e9s de la observaci\u00f3n de h\u00e1bitos, estudiar el acceso y formar un perfil de preferencias del usuario, para ofrecer publicidad relacionada con sus intereses. Perfil.<\/p>\t\t\t\t\t\t\t\t<\/div>\n\t\t\t\t<\/div>\n\t\t\t\t<div class=\"elementor-element elementor-element-24bffd4 elementor-widget elementor-widget-heading\" data-id=\"24bffd4\" data-element_type=\"widget\" data-e-type=\"widget\" data-widget_type=\"heading.default\">\n\t\t\t\t<div class=\"elementor-widget-container\">\n\t\t\t\t\t<h2 class=\"elementor-heading-title elementor-size-default\">Cookies de sesi\u00f3n<\/h2>\t\t\t\t<\/div>\n\t\t\t\t<\/div>\n\t\t\t\t<div class=\"elementor-element elementor-element-1ec65db elementor-widget elementor-widget-text-editor\" data-id=\"1ec65db\" data-element_type=\"widget\" data-e-type=\"widget\" data-widget_type=\"text-editor.default\">\n\t\t\t\t<div class=\"elementor-widget-container\">\n\t\t\t\t\t\t\t\t\tLas cookies de sesi\u00f3n son aquellas que duran mientras el usuario navega por el sitio web y se eliminan al finalizar.\n\n\t\t\t\t\t\t\t\t<\/div>\n\t\t\t\t<\/div>\n\t\t\t\t<div class=\"elementor-element elementor-element-caca247 elementor-widget elementor-widget-heading\" data-id=\"caca247\" data-element_type=\"widget\" data-e-type=\"widget\" data-widget_type=\"heading.default\">\n\t\t\t\t<div class=\"elementor-widget-container\">\n\t\t\t\t\t<h2 class=\"elementor-heading-title elementor-size-default\">Cookies persistentes<\/h2>\t\t\t\t<\/div>\n\t\t\t\t<\/div>\n\t\t\t\t<div class=\"elementor-element elementor-element-a838d4f elementor-widget elementor-widget-text-editor\" data-id=\"a838d4f\" data-element_type=\"widget\" data-e-type=\"widget\" data-widget_type=\"text-editor.default\">\n\t\t\t\t<div class=\"elementor-widget-container\">\n\t\t\t\t\t\t\t\t\t<p>Estas cookies se almacenan en el terminal del usuario, durante m\u00e1s tiempo, facilitando as\u00ed el control de las preferencias elegidas sin tener que repetir ciertos par\u00e1metros cada vez que se visita el sitio web.<\/p><p>Identificaci\u00f3n de las cookies en esta p\u00e1gina:<\/p><p>Las cookies utilizadas en este sitio web pueden ser tratadas por nosotros y tambi\u00e9n por los terceros que se relacionan a continuaci\u00f3n, con los que tenemos contratada la prestaci\u00f3n de servicios para los que es necesario el uso de cookies:<\/p><p>Anal\u00edtica<br \/>Facebook<br \/>Gorjeo<\/p>\t\t\t\t\t\t\t\t<\/div>\n\t\t\t\t<\/div>\n\t\t\t\t<div class=\"elementor-element elementor-element-800bb8b elementor-widget elementor-widget-heading\" data-id=\"800bb8b\" data-element_type=\"widget\" data-e-type=\"widget\" data-widget_type=\"heading.default\">\n\t\t\t\t<div class=\"elementor-widget-container\">\n\t\t\t\t\t<h2 class=\"elementor-heading-title elementor-size-default\">\u00bfC\u00f3mo deshabilitar o eliminar las cookies?\n\n<\/h2>\t\t\t\t<\/div>\n\t\t\t\t<\/div>\n\t\t\t\t<div class=\"elementor-element elementor-element-58b2a6f elementor-widget elementor-widget-text-editor\" data-id=\"58b2a6f\" data-element_type=\"widget\" data-e-type=\"widget\" data-widget_type=\"text-editor.default\">\n\t\t\t\t<div class=\"elementor-widget-container\">\n\t\t\t\t\t\t\t\t\t<p>Para cumplir con la legislaci\u00f3n vigente, debemos solicitar su permiso para gestionar las cookies. Si decide no autorizar el tratamiento indicando su disconformidad, \u00fanicamente utilizar\u00edamos cookies t\u00e9cnicas, ya que son imprescindibles para la navegaci\u00f3n por nuestra web. En este caso, no almacenar\u00edamos ninguna cookie. Si contin\u00faa navegando en nuestro sitio web sin denegar su autorizaci\u00f3n, implica que acepta su uso.<br \/>Tenga en cuenta que si rechaza o elimina las cookies de navegaci\u00f3n web de The Conica, no podremos mantener.<br \/>https:\/\/document-tc.galaxy.tf\/wdpdf-dnpfx20ziw4v0euuih2wsy0wf\/privacy-policy_cms-document.pdf<\/p>\t\t\t\t\t\t\t\t<\/div>\n\t\t\t\t<\/div>\n\t\t\t\t\t<\/div>\n\t\t\t\t<\/div>\n\t\t\t\t<\/div>\n\t\t","protected":false},"excerpt":{"rendered":"<p>T\u00e9rminos y Condiciones Encuentre los T\u00e9rminos y condiciones del Hotel Quadrifolio a continuaci\u00f3n. No comerciar ni comerciar ilegalmente con recursos culturales, dado que esto est\u00e1 penado por las leyes, decretos y resoluciones colombianas, espec\u00edficamente aquellas que se refieren a la protecci\u00f3n del patrimonio: Ley 103 de 1991, Decreto 904 de 1991, Ley 397 de 1997, [&hellip;]<\/p>\n","protected":false},"author":1,"featured_media":0,"parent":0,"menu_order":0,"comment_status":"closed","ping_status":"closed","template":"elementor_header_footer","meta":{"footnotes":""},"class_list":["post-4876","page","type-page","status-publish","hentry"],"_links":{"self":[{"href":"https:\/\/hotelquadrifolio.com\/es\/wp-json\/wp\/v2\/pages\/4876","targetHints":{"allow":["GET"]}}],"collection":[{"href":"https:\/\/hotelquadrifolio.com\/es\/wp-json\/wp\/v2\/pages"}],"about":[{"href":"https:\/\/hotelquadrifolio.com\/es\/wp-json\/wp\/v2\/types\/page"}],"author":[{"embeddable":true,"href":"https:\/\/hotelquadrifolio.com\/es\/wp-json\/wp\/v2\/users\/1"}],"replies":[{"embeddable":true,"href":"https:\/\/hotelquadrifolio.com\/es\/wp-json\/wp\/v2\/comments?post=4876"}],"version-history":[{"count":0,"href":"https:\/\/hotelquadrifolio.com\/es\/wp-json\/wp\/v2\/pages\/4876\/revisions"}],"wp:attachment":[{"href":"https:\/\/hotelquadrifolio.com\/es\/wp-json\/wp\/v2\/media?parent=4876"}],"curies":[{"name":"wp","href":"https:\/\/api.w.org\/{rel}","templated":true}]}}