{"id":4567,"date":"2024-10-23T22:31:41","date_gmt":"2024-10-23T20:31:41","guid":{"rendered":"https:\/\/hotelquadrifolio.com\/?page_id=4567"},"modified":"2026-02-03T20:49:29","modified_gmt":"2026-02-03T19:49:29","slug":"full-house","status":"publish","type":"page","link":"https:\/\/hotelquadrifolio.com\/es\/full-house\/","title":{"rendered":"Full House"},"content":{"rendered":"\t\t<div data-elementor-type=\"wp-page\" data-elementor-id=\"4567\" class=\"elementor elementor-4567\" data-elementor-post-type=\"page\">\n\t\t\t\t<div class=\"elementor-element elementor-element-5850f2b e-flex e-con-boxed e-con e-parent\" data-id=\"5850f2b\" data-element_type=\"container\" data-e-type=\"container\" data-settings=\"{&quot;background_background&quot;:&quot;classic&quot;}\">\n\t\t\t\t\t<div class=\"e-con-inner\">\n\t\t\t\t\t<\/div>\n\t\t\t\t<\/div>\n\t\t<div class=\"elementor-element elementor-element-f5e32da e-flex e-con-boxed elementor-invisible e-con e-parent\" data-id=\"f5e32da\" data-element_type=\"container\" data-e-type=\"container\" data-settings=\"{&quot;animation&quot;:&quot;fadeInUp&quot;}\">\n\t\t\t\t\t<div class=\"e-con-inner\">\n\t\t\t\t<div class=\"elementor-element elementor-element-032ddfd elementor-widget elementor-widget-heading\" data-id=\"032ddfd\" data-element_type=\"widget\" data-e-type=\"widget\" data-widget_type=\"heading.default\">\n\t\t\t\t<div class=\"elementor-widget-container\">\n\t\t\t\t\t<h2 class=\"elementor-heading-title elementor-size-default\">RESERVA EL HOTEL COMPLETO PARA TU EVENTO O ESTAD\u00cdA PRIVADA<\/h2>\t\t\t\t<\/div>\n\t\t\t\t<\/div>\n\t\t\t\t<div class=\"elementor-element elementor-element-5184e94 elementor-widget elementor-widget-text-editor\" data-id=\"5184e94\" data-element_type=\"widget\" data-e-type=\"widget\" data-widget_type=\"text-editor.default\">\n\t\t\t\t<div class=\"elementor-widget-container\">\n\t\t\t\t\t\t\t\t\t<p data-start=\"0\" data-end=\"193\">Quadrifolio es el lugar ideal para disfrutar en exclusiva con tu familia, amigos o equipo de trabajo, y celebrar cualquier ocasi\u00f3n con privacidad, servicio personalizado y atenci\u00f3n excepcional.<\/p><p data-start=\"195\" data-end=\"397\">Nos encargamos de organizar cada detalle de tu estad\u00eda, creando experiencias a medida con nuestra propuesta gastron\u00f3mica Quadrifolio Gourmet y un ambiente dise\u00f1ado para que cada momento sea inolvidable.<\/p><p data-start=\"399\" data-end=\"455\" data-is-last-node=\"\" data-is-only-node=\"\">Cont\u00e1ctanos y vive una experiencia verdaderamente \u00fanica.<\/p>\t\t\t\t\t\t\t\t<\/div>\n\t\t\t\t<\/div>\n\t\t\t\t\t<\/div>\n\t\t\t\t<\/div>\n\t\t<div class=\"elementor-element elementor-element-e6bc72d e-con-full e-flex elementor-invisible e-con e-child\" data-id=\"e6bc72d\" data-element_type=\"container\" data-e-type=\"container\" data-settings=\"{&quot;background_background&quot;:&quot;classic&quot;,&quot;animation&quot;:&quot;zoomIn&quot;}\">\n\t\t<div class=\"elementor-element elementor-element-f7986b0 e-con-full e-flex e-con e-child\" data-id=\"f7986b0\" data-element_type=\"container\" data-e-type=\"container\">\n\t\t\t\t<div class=\"elementor-element elementor-element-5a8aae9 elementor-widget elementor-widget-heading\" data-id=\"5a8aae9\" data-element_type=\"widget\" data-e-type=\"widget\" data-widget_type=\"heading.default\">\n\t\t\t\t<div class=\"elementor-widget-container\">\n\t\t\t\t\t<h2 class=\"elementor-heading-title elementor-size-default\">Experiencia Quadrifolio<br \/>\ncon Exclusividad<\/h2>\t\t\t\t<\/div>\n\t\t\t\t<\/div>\n\t\t<div class=\"elementor-element elementor-element-12eacb7 e-grid e-con-full e-con e-child\" data-id=\"12eacb7\" data-element_type=\"container\" data-e-type=\"container\">\n\t\t\t\t<div class=\"elementor-element elementor-element-5956482 elementor-position-top elementor-invisible elementor-widget elementor-widget-image-box\" data-id=\"5956482\" data-element_type=\"widget\" data-e-type=\"widget\" data-settings=\"{&quot;_animation&quot;:&quot;fadeInLeft&quot;}\" data-widget_type=\"image-box.default\">\n\t\t\t\t<div class=\"elementor-widget-container\">\n\t\t\t\t\t<div class=\"elementor-image-box-wrapper\"><figure class=\"elementor-image-box-img\"><img fetchpriority=\"high\" decoding=\"async\" width=\"534\" height=\"534\" src=\"https:\/\/hotelquadrifolio.com\/wp-content\/uploads\/2024\/10\/Desayuno-premium-Hotel-Quadrifolio-Cartagena.png\" class=\"attachment-full size-full wp-image-4703\" alt=\"\" srcset=\"https:\/\/hotelquadrifolio.com\/wp-content\/uploads\/2024\/10\/Desayuno-premium-Hotel-Quadrifolio-Cartagena.png 534w, https:\/\/hotelquadrifolio.com\/wp-content\/uploads\/2024\/10\/Desayuno-premium-Hotel-Quadrifolio-Cartagena-300x300.png 300w, https:\/\/hotelquadrifolio.com\/wp-content\/uploads\/2024\/10\/Desayuno-premium-Hotel-Quadrifolio-Cartagena-150x150.png 150w, https:\/\/hotelquadrifolio.com\/wp-content\/uploads\/2024\/10\/Desayuno-premium-Hotel-Quadrifolio-Cartagena-12x12.png 12w\" sizes=\"(max-width: 534px) 100vw, 534px\" \/><\/figure><div class=\"elementor-image-box-content\"><h3 class=\"elementor-image-box-title\">Desayuno  premium<\/h3><p class=\"elementor-image-box-description\">Durante la estad\u00eda para los hu\u00e9spedes.\n<\/p><\/div><\/div>\t\t\t\t<\/div>\n\t\t\t\t<\/div>\n\t\t\t\t<div class=\"elementor-element elementor-element-f0459b7 elementor-position-top elementor-invisible elementor-widget elementor-widget-image-box\" data-id=\"f0459b7\" data-element_type=\"widget\" data-e-type=\"widget\" data-settings=\"{&quot;_animation&quot;:&quot;fadeInLeft&quot;}\" data-widget_type=\"image-box.default\">\n\t\t\t\t<div class=\"elementor-widget-container\">\n\t\t\t\t\t<div class=\"elementor-image-box-wrapper\"><figure class=\"elementor-image-box-img\"><img decoding=\"async\" width=\"534\" height=\"534\" src=\"https:\/\/hotelquadrifolio.com\/wp-content\/uploads\/2024\/10\/Bebida-de-Bienvenida-Hotel-Quadrifolio-Cartagena.png\" class=\"attachment-full size-full wp-image-4702\" alt=\"\" srcset=\"https:\/\/hotelquadrifolio.com\/wp-content\/uploads\/2024\/10\/Bebida-de-Bienvenida-Hotel-Quadrifolio-Cartagena.png 534w, https:\/\/hotelquadrifolio.com\/wp-content\/uploads\/2024\/10\/Bebida-de-Bienvenida-Hotel-Quadrifolio-Cartagena-300x300.png 300w, https:\/\/hotelquadrifolio.com\/wp-content\/uploads\/2024\/10\/Bebida-de-Bienvenida-Hotel-Quadrifolio-Cartagena-150x150.png 150w, https:\/\/hotelquadrifolio.com\/wp-content\/uploads\/2024\/10\/Bebida-de-Bienvenida-Hotel-Quadrifolio-Cartagena-12x12.png 12w\" sizes=\"(max-width: 534px) 100vw, 534px\" \/><\/figure><div class=\"elementor-image-box-content\"><h3 class=\"elementor-image-box-title\">Bebida<\/h3><p class=\"elementor-image-box-description\">De bienvenida para el grupo.<\/p><\/div><\/div>\t\t\t\t<\/div>\n\t\t\t\t<\/div>\n\t\t\t\t<div class=\"elementor-element elementor-element-e9ccf88 elementor-position-top elementor-invisible elementor-widget elementor-widget-image-box\" data-id=\"e9ccf88\" data-element_type=\"widget\" data-e-type=\"widget\" data-settings=\"{&quot;_animation&quot;:&quot;fadeInLeft&quot;}\" data-widget_type=\"image-box.default\">\n\t\t\t\t<div class=\"elementor-widget-container\">\n\t\t\t\t\t<div class=\"elementor-image-box-wrapper\"><figure class=\"elementor-image-box-img\"><img decoding=\"async\" width=\"534\" height=\"534\" src=\"https:\/\/hotelquadrifolio.com\/wp-content\/uploads\/2024\/10\/Amenities-de-Lujo-Hotel-Quadrifolio-Cartagena.png\" class=\"attachment-full size-full wp-image-4700\" alt=\"\" srcset=\"https:\/\/hotelquadrifolio.com\/wp-content\/uploads\/2024\/10\/Amenities-de-Lujo-Hotel-Quadrifolio-Cartagena.png 534w, https:\/\/hotelquadrifolio.com\/wp-content\/uploads\/2024\/10\/Amenities-de-Lujo-Hotel-Quadrifolio-Cartagena-300x300.png 300w, https:\/\/hotelquadrifolio.com\/wp-content\/uploads\/2024\/10\/Amenities-de-Lujo-Hotel-Quadrifolio-Cartagena-150x150.png 150w, https:\/\/hotelquadrifolio.com\/wp-content\/uploads\/2024\/10\/Amenities-de-Lujo-Hotel-Quadrifolio-Cartagena-12x12.png 12w\" sizes=\"(max-width: 534px) 100vw, 534px\" \/><\/figure><div class=\"elementor-image-box-content\"><h3 class=\"elementor-image-box-title\">Amenities de Lujo<\/h3><p class=\"elementor-image-box-description\">( Lotto del Sur ).\n\n<\/p><\/div><\/div>\t\t\t\t<\/div>\n\t\t\t\t<\/div>\n\t\t\t\t<div class=\"elementor-element elementor-element-451c70b elementor-position-top elementor-invisible elementor-widget elementor-widget-image-box\" data-id=\"451c70b\" data-element_type=\"widget\" data-e-type=\"widget\" data-settings=\"{&quot;_animation&quot;:&quot;fadeInLeft&quot;}\" data-widget_type=\"image-box.default\">\n\t\t\t\t<div class=\"elementor-widget-container\">\n\t\t\t\t\t<div class=\"elementor-image-box-wrapper\"><figure class=\"elementor-image-box-img\"><img loading=\"lazy\" decoding=\"async\" width=\"534\" height=\"534\" src=\"https:\/\/hotelquadrifolio.com\/wp-content\/uploads\/2024\/10\/Acceso-a-Wifi-Gratis-Hotel-Quadrifolio-Cartagena.png\" class=\"attachment-full size-full wp-image-4699\" alt=\"\" srcset=\"https:\/\/hotelquadrifolio.com\/wp-content\/uploads\/2024\/10\/Acceso-a-Wifi-Gratis-Hotel-Quadrifolio-Cartagena.png 534w, https:\/\/hotelquadrifolio.com\/wp-content\/uploads\/2024\/10\/Acceso-a-Wifi-Gratis-Hotel-Quadrifolio-Cartagena-300x300.png 300w, https:\/\/hotelquadrifolio.com\/wp-content\/uploads\/2024\/10\/Acceso-a-Wifi-Gratis-Hotel-Quadrifolio-Cartagena-150x150.png 150w, https:\/\/hotelquadrifolio.com\/wp-content\/uploads\/2024\/10\/Acceso-a-Wifi-Gratis-Hotel-Quadrifolio-Cartagena-12x12.png 12w\" sizes=\"(max-width: 534px) 100vw, 534px\" \/><\/figure><div class=\"elementor-image-box-content\"><h3 class=\"elementor-image-box-title\">Servicio de wifi<\/h3><p class=\"elementor-image-box-description\">Gratis.<\/p><\/div><\/div>\t\t\t\t<\/div>\n\t\t\t\t<\/div>\n\t\t\t\t<div class=\"elementor-element elementor-element-d82ba0e elementor-position-top elementor-invisible elementor-widget elementor-widget-image-box\" data-id=\"d82ba0e\" data-element_type=\"widget\" data-e-type=\"widget\" data-settings=\"{&quot;_animation&quot;:&quot;fadeInLeft&quot;}\" data-widget_type=\"image-box.default\">\n\t\t\t\t<div class=\"elementor-widget-container\">\n\t\t\t\t\t<div class=\"elementor-image-box-wrapper\"><figure class=\"elementor-image-box-img\"><img loading=\"lazy\" decoding=\"async\" width=\"534\" height=\"534\" src=\"https:\/\/hotelquadrifolio.com\/wp-content\/uploads\/2024\/10\/Asistencia-Medica-Hotel-Quadrifolio-Cartagena.png\" class=\"attachment-full size-full wp-image-4701\" alt=\"\" srcset=\"https:\/\/hotelquadrifolio.com\/wp-content\/uploads\/2024\/10\/Asistencia-Medica-Hotel-Quadrifolio-Cartagena.png 534w, https:\/\/hotelquadrifolio.com\/wp-content\/uploads\/2024\/10\/Asistencia-Medica-Hotel-Quadrifolio-Cartagena-300x300.png 300w, https:\/\/hotelquadrifolio.com\/wp-content\/uploads\/2024\/10\/Asistencia-Medica-Hotel-Quadrifolio-Cartagena-150x150.png 150w, https:\/\/hotelquadrifolio.com\/wp-content\/uploads\/2024\/10\/Asistencia-Medica-Hotel-Quadrifolio-Cartagena-12x12.png 12w\" sizes=\"(max-width: 534px) 100vw, 534px\" \/><\/figure><div class=\"elementor-image-box-content\"><h3 class=\"elementor-image-box-title\">Asistencia m\u00e9dica<\/h3><p class=\"elementor-image-box-description\">24 horas (sujeto a condiciones).<\/p><\/div><\/div>\t\t\t\t<\/div>\n\t\t\t\t<\/div>\n\t\t\t\t<div class=\"elementor-element elementor-element-ef81254 elementor-position-top elementor-invisible elementor-widget elementor-widget-image-box\" data-id=\"ef81254\" data-element_type=\"widget\" data-e-type=\"widget\" data-settings=\"{&quot;_animation&quot;:&quot;fadeInLeft&quot;}\" data-widget_type=\"image-box.default\">\n\t\t\t\t<div class=\"elementor-widget-container\">\n\t\t\t\t\t<div class=\"elementor-image-box-wrapper\"><figure class=\"elementor-image-box-img\"><img loading=\"lazy\" decoding=\"async\" width=\"534\" height=\"534\" src=\"https:\/\/hotelquadrifolio.com\/wp-content\/uploads\/2024\/10\/Early-o-Late-check-out-Hotel-Quadrifolio-Cartagena.png\" class=\"attachment-full size-full wp-image-4704\" alt=\"\" srcset=\"https:\/\/hotelquadrifolio.com\/wp-content\/uploads\/2024\/10\/Early-o-Late-check-out-Hotel-Quadrifolio-Cartagena.png 534w, https:\/\/hotelquadrifolio.com\/wp-content\/uploads\/2024\/10\/Early-o-Late-check-out-Hotel-Quadrifolio-Cartagena-300x300.png 300w, https:\/\/hotelquadrifolio.com\/wp-content\/uploads\/2024\/10\/Early-o-Late-check-out-Hotel-Quadrifolio-Cartagena-150x150.png 150w, https:\/\/hotelquadrifolio.com\/wp-content\/uploads\/2024\/10\/Early-o-Late-check-out-Hotel-Quadrifolio-Cartagena-12x12.png 12w\" sizes=\"(max-width: 534px) 100vw, 534px\" \/><\/figure><div class=\"elementor-image-box-content\"><h3 class=\"elementor-image-box-title\">Early o Late check out <\/h3><p class=\"elementor-image-box-description\">Sujeto a disponibilidad.<\/p><\/div><\/div>\t\t\t\t<\/div>\n\t\t\t\t<\/div>\n\t\t\t\t<div class=\"elementor-element elementor-element-47b6474 elementor-position-top elementor-invisible elementor-widget elementor-widget-image-box\" data-id=\"47b6474\" data-element_type=\"widget\" data-e-type=\"widget\" data-settings=\"{&quot;_animation&quot;:&quot;fadeInLeft&quot;}\" data-widget_type=\"image-box.default\">\n\t\t\t\t<div class=\"elementor-widget-container\">\n\t\t\t\t\t<div class=\"elementor-image-box-wrapper\"><figure class=\"elementor-image-box-img\"><img loading=\"lazy\" decoding=\"async\" width=\"534\" height=\"534\" src=\"https:\/\/hotelquadrifolio.com\/wp-content\/uploads\/2024\/10\/Staff-de-Hotel-Quadrifolio-Cartagena.png\" class=\"attachment-full size-full wp-image-4705\" alt=\"\" srcset=\"https:\/\/hotelquadrifolio.com\/wp-content\/uploads\/2024\/10\/Staff-de-Hotel-Quadrifolio-Cartagena.png 534w, https:\/\/hotelquadrifolio.com\/wp-content\/uploads\/2024\/10\/Staff-de-Hotel-Quadrifolio-Cartagena-300x300.png 300w, https:\/\/hotelquadrifolio.com\/wp-content\/uploads\/2024\/10\/Staff-de-Hotel-Quadrifolio-Cartagena-150x150.png 150w, https:\/\/hotelquadrifolio.com\/wp-content\/uploads\/2024\/10\/Staff-de-Hotel-Quadrifolio-Cartagena-12x12.png 12w\" sizes=\"(max-width: 534px) 100vw, 534px\" \/><\/figure><div class=\"elementor-image-box-content\"><h3 class=\"elementor-image-box-title\">Staff de Hotel Quadrifolio<\/h3><p class=\"elementor-image-box-description\">A disposici\u00f3n del grupo en su horario habitual.<\/p><\/div><\/div>\t\t\t\t<\/div>\n\t\t\t\t<\/div>\n\t\t\t\t<\/div>\n\t\t\t\t<\/div>\n\t\t\t\t<\/div>\n\t\t<div class=\"elementor-element elementor-element-a93dd00 e-flex e-con-boxed e-con e-parent\" data-id=\"a93dd00\" data-element_type=\"container\" data-e-type=\"container\" data-settings=\"{&quot;background_background&quot;:&quot;classic&quot;}\">\n\t\t\t\t\t<div class=\"e-con-inner\">\n\t\t\t\t<div class=\"elementor-element elementor-element-000f9c3 elementor-invisible elementor-widget elementor-widget-button\" data-id=\"000f9c3\" data-element_type=\"widget\" data-e-type=\"widget\" data-settings=\"{&quot;_animation&quot;:&quot;zoomInUp&quot;}\" data-widget_type=\"button.default\">\n\t\t\t\t<div class=\"elementor-widget-container\">\n\t\t\t\t\t\t\t\t\t<div class=\"elementor-button-wrapper\">\n\t\t\t\t\t<a class=\"elementor-button elementor-button-link elementor-size-sm\" href=\"https:\/\/wa.link\/dvqsmq\">\n\t\t\t\t\t\t<span class=\"elementor-button-content-wrapper\">\n\t\t\t\t\t\t\t\t\t<span class=\"elementor-button-text\">\u00a1Solicitar Presupuesto!<\/span>\n\t\t\t\t\t<\/span>\n\t\t\t\t\t<\/a>\n\t\t\t\t<\/div>\n\t\t\t\t\t\t\t\t<\/div>\n\t\t\t\t<\/div>\n\t\t\t\t\t<\/div>\n\t\t\t\t<\/div>\n\t\t\t\t<\/div>\n\t\t","protected":false},"excerpt":{"rendered":"<p>RESERVA EL HOTEL COMPLETO PARA TU EVENTO O ESTAD\u00cdA PRIVADA Quadrifolio es el lugar ideal para disfrutar en exclusiva con tu familia, amigos o equipo de trabajo, y celebrar cualquier ocasi\u00f3n con privacidad, servicio personalizado y atenci\u00f3n excepcional. Nos encargamos de organizar cada detalle de tu estad\u00eda, creando experiencias a medida con nuestra propuesta gastron\u00f3mica [&hellip;]<\/p>\n","protected":false},"author":1,"featured_media":0,"parent":0,"menu_order":0,"comment_status":"closed","ping_status":"closed","template":"elementor_header_footer","meta":{"footnotes":""},"class_list":["post-4567","page","type-page","status-publish","hentry"],"_links":{"self":[{"href":"https:\/\/hotelquadrifolio.com\/es\/wp-json\/wp\/v2\/pages\/4567","targetHints":{"allow":["GET"]}}],"collection":[{"href":"https:\/\/hotelquadrifolio.com\/es\/wp-json\/wp\/v2\/pages"}],"about":[{"href":"https:\/\/hotelquadrifolio.com\/es\/wp-json\/wp\/v2\/types\/page"}],"author":[{"embeddable":true,"href":"https:\/\/hotelquadrifolio.com\/es\/wp-json\/wp\/v2\/users\/1"}],"replies":[{"embeddable":true,"href":"https:\/\/hotelquadrifolio.com\/es\/wp-json\/wp\/v2\/comments?post=4567"}],"version-history":[{"count":15,"href":"https:\/\/hotelquadrifolio.com\/es\/wp-json\/wp\/v2\/pages\/4567\/revisions"}],"predecessor-version":[{"id":6482,"href":"https:\/\/hotelquadrifolio.com\/es\/wp-json\/wp\/v2\/pages\/4567\/revisions\/6482"}],"wp:attachment":[{"href":"https:\/\/hotelquadrifolio.com\/es\/wp-json\/wp\/v2\/media?parent=4567"}],"curies":[{"name":"wp","href":"https:\/\/api.w.org\/{rel}","templated":true}]}}