{"id":1736,"date":"2024-05-03T20:18:14","date_gmt":"2024-05-03T20:18:14","guid":{"rendered":"https:\/\/hotelquadrifolio.com\/?page_id=1736"},"modified":"2024-11-14T21:45:12","modified_gmt":"2024-11-14T20:45:12","slug":"quadrifolio-gourmet","status":"publish","type":"page","link":"https:\/\/hotelquadrifolio.com\/es\/quadrifolio-gourmet\/","title":{"rendered":"Quadrifolio Gourmet"},"content":{"rendered":"\t\t<div data-elementor-type=\"wp-page\" data-elementor-id=\"1736\" class=\"elementor elementor-1736\" data-elementor-post-type=\"page\">\n\t\t\t\t<div class=\"elementor-element elementor-element-17bdae8 e-flex e-con-boxed e-con e-parent\" data-id=\"17bdae8\" data-element_type=\"container\" data-e-type=\"container\" data-settings=\"{&quot;background_background&quot;:&quot;classic&quot;}\">\n\t\t\t\t\t<div class=\"e-con-inner\">\n\t\t\t\t\t<\/div>\n\t\t\t\t<\/div>\n\t\t<div class=\"elementor-element elementor-element-e2a1316 e-flex e-con-boxed e-con e-parent\" data-id=\"e2a1316\" data-element_type=\"container\" data-e-type=\"container\">\n\t\t\t\t\t<div class=\"e-con-inner\">\n\t\t\t\t<div class=\"elementor-element elementor-element-73b7065 elementor-widget elementor-widget-heading\" data-id=\"73b7065\" data-element_type=\"widget\" data-e-type=\"widget\" data-widget_type=\"heading.default\">\n\t\t\t\t<div class=\"elementor-widget-container\">\n\t\t\t\t\t<h2 class=\"elementor-heading-title elementor-size-default\">QUADRIFOLIO GOURMET<\/h2>\t\t\t\t<\/div>\n\t\t\t\t<\/div>\n\t\t\t\t<div class=\"elementor-element elementor-element-8c2ac1c elementor-widget elementor-widget-text-editor\" data-id=\"8c2ac1c\" data-element_type=\"widget\" data-e-type=\"widget\" data-widget_type=\"text-editor.default\">\n\t\t\t\t<div class=\"elementor-widget-container\">\n\t\t\t\t\t\t\t\t\t<p>Nuestro secreto mejor guardado y exclusivo para nuestros hu\u00e9spedes.<\/p>\t\t\t\t\t\t\t\t<\/div>\n\t\t\t\t<\/div>\n\t\t\t\t<div class=\"elementor-element elementor-element-7e6746e elementor-widget__width-initial elementor-widget elementor-widget-text-editor\" data-id=\"7e6746e\" data-element_type=\"widget\" data-e-type=\"widget\" data-widget_type=\"text-editor.default\">\n\t\t\t\t<div class=\"elementor-widget-container\">\n\t\t\t\t\t\t\t\t\t<p>Para desayunos, almuerzos, cenas o alg\u00fan momento especial, permite que la experiencia gastron\u00f3mica en Quadrifolio te lleve por un viaje culinario que fusiona los sabores aut\u00e9nticos de la cocina caribe\u00f1a con la sofisticaci\u00f3n de la cocina internacional.<br \/>Con un enfoque en ingredientes frescos y locales, cada plato es una obra de arte que deleita el paladar y los sentidos.<\/p>\t\t\t\t\t\t\t\t<\/div>\n\t\t\t\t<\/div>\n\t\t\t\t\t<\/div>\n\t\t\t\t<\/div>\n\t\t<div class=\"elementor-element elementor-element-53c0105 e-flex e-con-boxed e-con e-parent\" data-id=\"53c0105\" data-element_type=\"container\" data-e-type=\"container\">\n\t\t\t\t\t<div class=\"e-con-inner\">\n\t\t\t\t<div class=\"elementor-element elementor-element-ae98e68 elementor-widget elementor-widget-ucaddon_uc_tiles_columns_image\" data-id=\"ae98e68\" data-element_type=\"widget\" data-e-type=\"widget\" data-widget_type=\"ucaddon_uc_tiles_columns_image.default\">\n\t\t\t\t<div class=\"elementor-widget-container\">\n\t\t\t\t\t\n<!-- start Masonry Gallery -->\n\t\t<link id='unitegallery-css' href='https:\/\/hotelquadrifolio.com\/wp-content\/plugins\/unlimited-elements-for-elementor-premium\/assets_libraries\/unitegallery\/css\/unite-gallery.css' type='text\/css' rel='stylesheet' >\n\t\t<link id='uc_ac_assets_file_uc_columns_unite_gallery_css_37416-css' href='https:\/\/hotelquadrifolio.com\/wp-content\/uploads\/ac_assets\/uc_tiles_columns_image\/uc-columns-unite-gallery.css' type='text\/css' rel='stylesheet' >\n\n<style>\/* widget: Masonry Gallery *\/\n\n\n#wrapperuc_uc_tiles_columns_image_elementor_ae98e68\n{\n  min-height:1px;\n}\n\n<\/style>\n\n<div id=\"wrapperuc_uc_tiles_columns_image_elementor_ae98e68\">\n<div id=\"uc_uc_tiles_columns_image_elementor_ae98e68\" style=\"display:none;\" class=\"uc-items-wrapper\" data-custom-sethtml=\"true\" >\n\n\n<img decoding=\"async\" alt=\"Galeria Restaurante Quadrifolio (13)\"\n   src=\"https:\/\/hotelquadrifolio.com\/wp-content\/uploads\/2024\/05\/Galeria-Restaurante-Quadrifolio-13-scaled-1-768x512.jpg\"\n    data-image=\"https:\/\/hotelquadrifolio.com\/wp-content\/uploads\/2024\/05\/Galeria-Restaurante-Quadrifolio-13-scaled-1-1024x683.jpg\"\n    data-title=\"Galeria Restaurante Quadrifolio (13)\">\n\n<img decoding=\"async\" alt=\"Galeria Restaurante Quadrifolio (12)\"\n   src=\"https:\/\/hotelquadrifolio.com\/wp-content\/uploads\/2024\/05\/Galeria-Restaurante-Quadrifolio-12-scaled-1-768x512.jpg\"\n    data-image=\"https:\/\/hotelquadrifolio.com\/wp-content\/uploads\/2024\/05\/Galeria-Restaurante-Quadrifolio-12-scaled-1-1024x683.jpg\"\n    data-title=\"Galeria Restaurante Quadrifolio (12)\">\n\n<img decoding=\"async\" alt=\"Galeria Restaurante Quadrifolio (10)\"\n   src=\"https:\/\/hotelquadrifolio.com\/wp-content\/uploads\/2024\/05\/Galeria-Restaurante-Quadrifolio-10-scaled-1-768x512.jpg\"\n    data-image=\"https:\/\/hotelquadrifolio.com\/wp-content\/uploads\/2024\/05\/Galeria-Restaurante-Quadrifolio-10-scaled-1-1024x683.jpg\"\n    data-title=\"Galeria Restaurante Quadrifolio (10)\">\n\n<img decoding=\"async\" alt=\"Galeria Restaurante Quadrifolio (9)\"\n   src=\"https:\/\/hotelquadrifolio.com\/wp-content\/uploads\/2024\/05\/Galeria-Restaurante-Quadrifolio-9-scaled-1-768x512.jpg\"\n    data-image=\"https:\/\/hotelquadrifolio.com\/wp-content\/uploads\/2024\/05\/Galeria-Restaurante-Quadrifolio-9-scaled-1-1024x683.jpg\"\n    data-title=\"Galeria Restaurante Quadrifolio (9)\">\n\n<img decoding=\"async\" alt=\"Galeria Restaurante Quadrifolio (6)\"\n   src=\"https:\/\/hotelquadrifolio.com\/wp-content\/uploads\/2024\/05\/Galeria-Restaurante-Quadrifolio-6-scaled-1-768x512.jpg\"\n    data-image=\"https:\/\/hotelquadrifolio.com\/wp-content\/uploads\/2024\/05\/Galeria-Restaurante-Quadrifolio-6-scaled-1-1024x683.jpg\"\n    data-title=\"Galeria Restaurante Quadrifolio (6)\">\n\n<img decoding=\"async\" alt=\"Galeria Restaurante Quadrifolio (4)\"\n   src=\"https:\/\/hotelquadrifolio.com\/wp-content\/uploads\/2024\/05\/Galeria-Restaurante-Quadrifolio-4-scaled-1-768x512.jpg\"\n    data-image=\"https:\/\/hotelquadrifolio.com\/wp-content\/uploads\/2024\/05\/Galeria-Restaurante-Quadrifolio-4-scaled-1-1024x683.jpg\"\n    data-title=\"Galeria Restaurante Quadrifolio (4)\">\n\n  \n<\/div>\n<\/div>\n<!-- end Masonry Gallery -->\t\t\t\t<\/div>\n\t\t\t\t<\/div>\n\t\t\t\t\t<\/div>\n\t\t\t\t<\/div>\n\t\t\t\t<\/div>\n\t\t","protected":false},"excerpt":{"rendered":"<p>QUADRIFOLIO GOURMET Nuestro secreto mejor guardado y exclusivo para nuestros hu\u00e9spedes. Para desayunos, almuerzos, cenas o alg\u00fan momento especial, permite que la experiencia gastron\u00f3mica en Quadrifolio te lleve por un viaje culinario que fusiona los sabores aut\u00e9nticos de la cocina caribe\u00f1a con la sofisticaci\u00f3n de la cocina internacional.Con un enfoque en ingredientes frescos y locales, [&hellip;]<\/p>\n","protected":false},"author":1,"featured_media":0,"parent":0,"menu_order":0,"comment_status":"closed","ping_status":"closed","template":"elementor_header_footer","meta":{"footnotes":""},"class_list":["post-1736","page","type-page","status-publish","hentry"],"_links":{"self":[{"href":"https:\/\/hotelquadrifolio.com\/es\/wp-json\/wp\/v2\/pages\/1736","targetHints":{"allow":["GET"]}}],"collection":[{"href":"https:\/\/hotelquadrifolio.com\/es\/wp-json\/wp\/v2\/pages"}],"about":[{"href":"https:\/\/hotelquadrifolio.com\/es\/wp-json\/wp\/v2\/types\/page"}],"author":[{"embeddable":true,"href":"https:\/\/hotelquadrifolio.com\/es\/wp-json\/wp\/v2\/users\/1"}],"replies":[{"embeddable":true,"href":"https:\/\/hotelquadrifolio.com\/es\/wp-json\/wp\/v2\/comments?post=1736"}],"version-history":[{"count":24,"href":"https:\/\/hotelquadrifolio.com\/es\/wp-json\/wp\/v2\/pages\/1736\/revisions"}],"predecessor-version":[{"id":5748,"href":"https:\/\/hotelquadrifolio.com\/es\/wp-json\/wp\/v2\/pages\/1736\/revisions\/5748"}],"wp:attachment":[{"href":"https:\/\/hotelquadrifolio.com\/es\/wp-json\/wp\/v2\/media?parent=1736"}],"curies":[{"name":"wp","href":"https:\/\/api.w.org\/{rel}","templated":true}]}}