{"id":4946,"date":"2024-10-25T16:22:45","date_gmt":"2024-10-25T14:22:45","guid":{"rendered":"https:\/\/hotelquadrifolio.com\/?page_id=4946"},"modified":"2024-10-25T17:31:59","modified_gmt":"2024-10-25T15:31:59","slug":"politica-de-sostenibilidad","status":"publish","type":"page","link":"https:\/\/hotelquadrifolio.com\/en\/politica-de-sostenibilidad\/","title":{"rendered":"Sustainability Policy"},"content":{"rendered":"<div data-elementor-type=\"wp-page\" data-elementor-id=\"4946\" class=\"elementor elementor-4946\" data-elementor-post-type=\"page\">\n\t\t\t\t<div class=\"elementor-element elementor-element-7c14ae4 e-flex e-con-boxed e-con e-parent\" data-id=\"7c14ae4\" data-element_type=\"container\" data-e-type=\"container\" data-settings=\"{&quot;background_background&quot;:&quot;classic&quot;}\">\n\t\t\t\t\t<div class=\"e-con-inner\">\n\t\t\t\t\t<\/div>\n\t\t\t\t<\/div>\n\t\t<div class=\"elementor-element elementor-element-e54c32a e-flex e-con-boxed elementor-invisible e-con e-parent\" data-id=\"e54c32a\" data-element_type=\"container\" data-e-type=\"container\" data-settings=\"{&quot;animation&quot;:&quot;fadeInUp&quot;}\">\n\t\t\t\t\t<div class=\"e-con-inner\">\n\t\t\t\t<div class=\"elementor-element elementor-element-deb111e elementor-widget elementor-widget-heading\" data-id=\"deb111e\" data-element_type=\"widget\" data-e-type=\"widget\" data-widget_type=\"heading.default\">\n\t\t\t\t<div class=\"elementor-widget-container\">\n\t\t\t\t\t<h2 class=\"elementor-heading-title elementor-size-default\">Sustainability Policy<\/h2>\t\t\t\t<\/div>\n\t\t\t\t<\/div>\n\t\t\t\t<div class=\"elementor-element elementor-element-745c738 elementor-widget elementor-widget-text-editor\" data-id=\"745c738\" data-element_type=\"widget\" data-e-type=\"widget\" data-widget_type=\"text-editor.default\">\n\t\t\t\t<div class=\"elementor-widget-container\">\n\t\t\t\t\t\t\t\t\tAt Hotel Quadrifolio, we work every day to integrate our four operational areas: service, comfort, privacy, and elegance; areas that we link to sustainable development in our business processes. We believe that sustainability is the key element that will allow tourism to continue being a driving force for our country's economy. Therefore, we plan to continue learning from our experiences and remain committed to a continuous improvement process to strengthen our relationship with our stakeholders.\t\t\t\t\t\t\t\t<\/div>\n\t\t\t\t<\/div>\n\t\t\t\t\t<\/div>\n\t\t\t\t<\/div>\n\t\t<div class=\"elementor-element elementor-element-8a4d274 e-flex e-con-boxed elementor-invisible e-con e-parent\" data-id=\"8a4d274\" data-element_type=\"container\" data-e-type=\"container\" data-settings=\"{&quot;animation&quot;:&quot;fadeInUp&quot;}\">\n\t\t\t\t\t<div class=\"e-con-inner\">\n\t\t\t\t<div class=\"elementor-element elementor-element-bd7739e elementor-widget elementor-widget-heading\" data-id=\"bd7739e\" data-element_type=\"widget\" data-e-type=\"widget\" data-widget_type=\"heading.default\">\n\t\t\t\t<div class=\"elementor-widget-container\">\n\t\t\t\t\t<h2 class=\"elementor-heading-title elementor-size-default\">Sustainability Practices\n<\/h2>\t\t\t\t<\/div>\n\t\t\t\t<\/div>\n\t\t\t\t<div class=\"elementor-element elementor-element-c18115e elementor-widget elementor-widget-text-editor\" data-id=\"c18115e\" data-element_type=\"widget\" data-e-type=\"widget\" data-widget_type=\"text-editor.default\">\n\t\t\t\t<div class=\"elementor-widget-container\">\n\t\t\t\t\t\t\t\t\tHere are some sustainability initiatives implemented:\t\t\t\t\t\t\t\t<\/div>\n\t\t\t\t<\/div>\n\t\t\t\t\t<\/div>\n\t\t\t\t<\/div>\n\t\t<div class=\"elementor-element elementor-element-acb8b3a e-con-full e-flex elementor-invisible e-con e-child\" data-id=\"acb8b3a\" data-element_type=\"container\" data-e-type=\"container\" data-settings=\"{&quot;animation&quot;:&quot;zoomIn&quot;}\">\n\t\t<div class=\"elementor-element elementor-element-be1840d e-con-full e-flex e-con e-child\" data-id=\"be1840d\" data-element_type=\"container\" data-e-type=\"container\">\n\t\t<div class=\"elementor-element elementor-element-e128092 e-grid e-con-full e-con e-child\" data-id=\"e128092\" data-element_type=\"container\" data-e-type=\"container\">\n\t\t\t\t<div class=\"elementor-element elementor-element-f70cefb elementor-position-top elementor-invisible elementor-widget elementor-widget-image-box\" data-id=\"f70cefb\" data-element_type=\"widget\" data-e-type=\"widget\" data-settings=\"{&quot;_animation&quot;:&quot;fadeInLeft&quot;}\" data-widget_type=\"image-box.default\">\n\t\t\t\t<div class=\"elementor-widget-container\">\n\t\t\t\t\t<div class=\"elementor-image-box-wrapper\"><figure class=\"elementor-image-box-img\"><img fetchpriority=\"high\" decoding=\"async\" width=\"256\" height=\"256\" src=\"https:\/\/hotelquadrifolio.com\/wp-content\/uploads\/2024\/10\/Contratamos-mano-de-obra-local-Hotel-Quadrifolio-Cartagena.png\" class=\"attachment-full size-full wp-image-5013\" alt=\"\" srcset=\"https:\/\/hotelquadrifolio.com\/wp-content\/uploads\/2024\/10\/Contratamos-mano-de-obra-local-Hotel-Quadrifolio-Cartagena.png 256w, https:\/\/hotelquadrifolio.com\/wp-content\/uploads\/2024\/10\/Contratamos-mano-de-obra-local-Hotel-Quadrifolio-Cartagena-150x150.png 150w, https:\/\/hotelquadrifolio.com\/wp-content\/uploads\/2024\/10\/Contratamos-mano-de-obra-local-Hotel-Quadrifolio-Cartagena-12x12.png 12w\" sizes=\"(max-width: 256px) 100vw, 256px\" \/><\/figure><div class=\"elementor-image-box-content\"><h3 class=\"elementor-image-box-title\">We hire local labor<\/h3><p class=\"elementor-image-box-description\">This not only strengthens the region's economy but also allows us to collaborate with artisans and professionals who understand and value our culture and traditions.<\/p><\/div><\/div>\t\t\t\t<\/div>\n\t\t\t\t<\/div>\n\t\t\t\t<div class=\"elementor-element elementor-element-342951f elementor-position-top elementor-invisible elementor-widget elementor-widget-image-box\" data-id=\"342951f\" data-element_type=\"widget\" data-e-type=\"widget\" data-settings=\"{&quot;_animation&quot;:&quot;fadeInLeft&quot;}\" data-widget_type=\"image-box.default\">\n\t\t\t\t<div class=\"elementor-widget-container\">\n\t\t\t\t\t<div class=\"elementor-image-box-wrapper\"><figure class=\"elementor-image-box-img\"><img decoding=\"async\" width=\"256\" height=\"256\" src=\"https:\/\/hotelquadrifolio.com\/wp-content\/uploads\/2024\/10\/Eco-Consciencia-Hotel-Quadrifolio-Cartagena.png\" class=\"attachment-full size-full wp-image-4972\" alt=\"\" srcset=\"https:\/\/hotelquadrifolio.com\/wp-content\/uploads\/2024\/10\/Eco-Consciencia-Hotel-Quadrifolio-Cartagena.png 256w, https:\/\/hotelquadrifolio.com\/wp-content\/uploads\/2024\/10\/Eco-Consciencia-Hotel-Quadrifolio-Cartagena-150x150.png 150w, https:\/\/hotelquadrifolio.com\/wp-content\/uploads\/2024\/10\/Eco-Consciencia-Hotel-Quadrifolio-Cartagena-12x12.png 12w\" sizes=\"(max-width: 256px) 100vw, 256px\" \/><\/figure><div class=\"elementor-image-box-content\"><h3 class=\"elementor-image-box-title\">Eco-Consciousness<\/h3><p class=\"elementor-image-box-description\">We encourage guests to preserve the environment through messages in our institutional videos displayed on the TVs in the Hotel's common areas and rooms.<\/p><\/div><\/div>\t\t\t\t<\/div>\n\t\t\t\t<\/div>\n\t\t\t\t<div class=\"elementor-element elementor-element-e754506 elementor-position-top elementor-invisible elementor-widget elementor-widget-image-box\" data-id=\"e754506\" data-element_type=\"widget\" data-e-type=\"widget\" data-settings=\"{&quot;_animation&quot;:&quot;fadeInLeft&quot;}\" data-widget_type=\"image-box.default\">\n\t\t\t\t<div class=\"elementor-widget-container\">\n\t\t\t\t\t<div class=\"elementor-image-box-wrapper\"><figure class=\"elementor-image-box-img\"><img decoding=\"async\" width=\"256\" height=\"256\" src=\"https:\/\/hotelquadrifolio.com\/wp-content\/uploads\/2024\/10\/Reutilizacion-Solidaria-Hotel-Quadrifolio-Cartagena.png\" class=\"attachment-full size-full wp-image-4982\" alt=\"\" srcset=\"https:\/\/hotelquadrifolio.com\/wp-content\/uploads\/2024\/10\/Reutilizacion-Solidaria-Hotel-Quadrifolio-Cartagena.png 256w, https:\/\/hotelquadrifolio.com\/wp-content\/uploads\/2024\/10\/Reutilizacion-Solidaria-Hotel-Quadrifolio-Cartagena-150x150.png 150w, https:\/\/hotelquadrifolio.com\/wp-content\/uploads\/2024\/10\/Reutilizacion-Solidaria-Hotel-Quadrifolio-Cartagena-12x12.png 12w\" sizes=\"(max-width: 256px) 100vw, 256px\" \/><\/figure><div class=\"elementor-image-box-content\"><h3 class=\"elementor-image-box-title\">Solidarity Reuse<\/h3><p class=\"elementor-image-box-description\">We collect hotel items such as sheets, pillows, mattresses, kitchen utensils, and other items in good condition for local foundations.\n\n<\/p><\/div><\/div>\t\t\t\t<\/div>\n\t\t\t\t<\/div>\n\t\t\t\t<div class=\"elementor-element elementor-element-d926041 elementor-position-top elementor-invisible elementor-widget elementor-widget-image-box\" data-id=\"d926041\" data-element_type=\"widget\" data-e-type=\"widget\" data-settings=\"{&quot;_animation&quot;:&quot;fadeInLeft&quot;}\" data-widget_type=\"image-box.default\">\n\t\t\t\t<div class=\"elementor-widget-container\">\n\t\t\t\t\t<div class=\"elementor-image-box-wrapper\"><figure class=\"elementor-image-box-img\"><img loading=\"lazy\" decoding=\"async\" width=\"256\" height=\"256\" src=\"https:\/\/hotelquadrifolio.com\/wp-content\/uploads\/2024\/10\/Filtros-de-Agua-Hotel-Quadrifolio-Cartagena.png\" class=\"attachment-full size-full wp-image-4986\" alt=\"\" srcset=\"https:\/\/hotelquadrifolio.com\/wp-content\/uploads\/2024\/10\/Filtros-de-Agua-Hotel-Quadrifolio-Cartagena.png 256w, https:\/\/hotelquadrifolio.com\/wp-content\/uploads\/2024\/10\/Filtros-de-Agua-Hotel-Quadrifolio-Cartagena-150x150.png 150w, https:\/\/hotelquadrifolio.com\/wp-content\/uploads\/2024\/10\/Filtros-de-Agua-Hotel-Quadrifolio-Cartagena-12x12.png 12w\" sizes=\"(max-width: 256px) 100vw, 256px\" \/><\/figure><div class=\"elementor-image-box-content\"><h3 class=\"elementor-image-box-title\">Water Filters<\/h3><p class=\"elementor-image-box-description\">Water filters installed in the hotel's hydration area, promoting the non-use of plastics.<\/p><\/div><\/div>\t\t\t\t<\/div>\n\t\t\t\t<\/div>\n\t\t\t\t<div class=\"elementor-element elementor-element-0f4f326 elementor-position-top elementor-invisible elementor-widget elementor-widget-image-box\" data-id=\"0f4f326\" data-element_type=\"widget\" data-e-type=\"widget\" data-settings=\"{&quot;_animation&quot;:&quot;fadeInLeft&quot;}\" data-widget_type=\"image-box.default\">\n\t\t\t\t<div class=\"elementor-widget-container\">\n\t\t\t\t\t<div class=\"elementor-image-box-wrapper\"><figure class=\"elementor-image-box-img\"><img loading=\"lazy\" decoding=\"async\" width=\"256\" height=\"256\" src=\"https:\/\/hotelquadrifolio.com\/wp-content\/uploads\/2024\/10\/proteccion-infantil-Hotel-Quadrifolio-Cartagena.png\" class=\"attachment-full size-full wp-image-4990\" alt=\"\" srcset=\"https:\/\/hotelquadrifolio.com\/wp-content\/uploads\/2024\/10\/proteccion-infantil-Hotel-Quadrifolio-Cartagena.png 256w, https:\/\/hotelquadrifolio.com\/wp-content\/uploads\/2024\/10\/proteccion-infantil-Hotel-Quadrifolio-Cartagena-150x150.png 150w, https:\/\/hotelquadrifolio.com\/wp-content\/uploads\/2024\/10\/proteccion-infantil-Hotel-Quadrifolio-Cartagena-12x12.png 12w\" sizes=\"(max-width: 256px) 100vw, 256px\" \/><\/figure><div class=\"elementor-image-box-content\"><h3 class=\"elementor-image-box-title\">Child Protection Culture<\/h3><p class=\"elementor-image-box-description\">Culture of Protection for Minors Against Sexual Abuse and Exploitation.<\/p><\/div><\/div>\t\t\t\t<\/div>\n\t\t\t\t<\/div>\n\t\t\t\t<div class=\"elementor-element elementor-element-2e96b15 elementor-position-top elementor-invisible elementor-widget elementor-widget-image-box\" data-id=\"2e96b15\" data-element_type=\"widget\" data-e-type=\"widget\" data-settings=\"{&quot;_animation&quot;:&quot;fadeInLeft&quot;}\" data-widget_type=\"image-box.default\">\n\t\t\t\t<div class=\"elementor-widget-container\">\n\t\t\t\t\t<div class=\"elementor-image-box-wrapper\"><figure class=\"elementor-image-box-img\"><img loading=\"lazy\" decoding=\"async\" width=\"256\" height=\"256\" src=\"https:\/\/hotelquadrifolio.com\/wp-content\/uploads\/2024\/10\/Provision-de-Botellitas-Hotel-Quadrifolio-Cartagena.png\" class=\"attachment-full size-full wp-image-4994\" alt=\"\" srcset=\"https:\/\/hotelquadrifolio.com\/wp-content\/uploads\/2024\/10\/Provision-de-Botellitas-Hotel-Quadrifolio-Cartagena.png 256w, https:\/\/hotelquadrifolio.com\/wp-content\/uploads\/2024\/10\/Provision-de-Botellitas-Hotel-Quadrifolio-Cartagena-150x150.png 150w, https:\/\/hotelquadrifolio.com\/wp-content\/uploads\/2024\/10\/Provision-de-Botellitas-Hotel-Quadrifolio-Cartagena-12x12.png 12w\" sizes=\"(max-width: 256px) 100vw, 256px\" \/><\/figure><div class=\"elementor-image-box-content\"><h3 class=\"elementor-image-box-title\">Provision of Bottles<\/h3><p class=\"elementor-image-box-description\">Distribution of Bottles to Guests for the Use of Water Filters.<\/p><\/div><\/div>\t\t\t\t<\/div>\n\t\t\t\t<\/div>\n\t\t\t\t<div class=\"elementor-element elementor-element-64bc5f2 elementor-position-top elementor-invisible elementor-widget elementor-widget-image-box\" data-id=\"64bc5f2\" data-element_type=\"widget\" data-e-type=\"widget\" data-settings=\"{&quot;_animation&quot;:&quot;fadeInLeft&quot;}\" data-widget_type=\"image-box.default\">\n\t\t\t\t<div class=\"elementor-widget-container\">\n\t\t\t\t\t<div class=\"elementor-image-box-wrapper\"><figure class=\"elementor-image-box-img\"><img loading=\"lazy\" decoding=\"async\" width=\"256\" height=\"256\" src=\"https:\/\/hotelquadrifolio.com\/wp-content\/uploads\/2024\/10\/Compromiso-Ambiental-Hotel-Quadrifolio-Cartagena.png\" class=\"attachment-full size-full wp-image-4974\" alt=\"\" srcset=\"https:\/\/hotelquadrifolio.com\/wp-content\/uploads\/2024\/10\/Compromiso-Ambiental-Hotel-Quadrifolio-Cartagena.png 256w, https:\/\/hotelquadrifolio.com\/wp-content\/uploads\/2024\/10\/Compromiso-Ambiental-Hotel-Quadrifolio-Cartagena-150x150.png 150w, https:\/\/hotelquadrifolio.com\/wp-content\/uploads\/2024\/10\/Compromiso-Ambiental-Hotel-Quadrifolio-Cartagena-12x12.png 12w\" sizes=\"(max-width: 256px) 100vw, 256px\" \/><\/figure><div class=\"elementor-image-box-content\"><h3 class=\"elementor-image-box-title\">Environmental Commitment<\/h3><p class=\"elementor-image-box-description\">We recycle and deliver the properly sorted waste to the competent authorities.<\/p><\/div><\/div>\t\t\t\t<\/div>\n\t\t\t\t<\/div>\n\t\t\t\t<div class=\"elementor-element elementor-element-e2718c7 elementor-position-top elementor-invisible elementor-widget elementor-widget-image-box\" data-id=\"e2718c7\" data-element_type=\"widget\" data-e-type=\"widget\" data-settings=\"{&quot;_animation&quot;:&quot;fadeInLeft&quot;}\" data-widget_type=\"image-box.default\">\n\t\t\t\t<div class=\"elementor-widget-container\">\n\t\t\t\t\t<div class=\"elementor-image-box-wrapper\"><figure class=\"elementor-image-box-img\"><img loading=\"lazy\" decoding=\"async\" width=\"256\" height=\"256\" src=\"https:\/\/hotelquadrifolio.com\/wp-content\/uploads\/2024\/10\/Oficinas-Sostenibles-Hotel-Quadrifolio-Cartagena.png\" class=\"attachment-full size-full wp-image-5009\" alt=\"\" srcset=\"https:\/\/hotelquadrifolio.com\/wp-content\/uploads\/2024\/10\/Oficinas-Sostenibles-Hotel-Quadrifolio-Cartagena.png 256w, https:\/\/hotelquadrifolio.com\/wp-content\/uploads\/2024\/10\/Oficinas-Sostenibles-Hotel-Quadrifolio-Cartagena-150x150.png 150w, https:\/\/hotelquadrifolio.com\/wp-content\/uploads\/2024\/10\/Oficinas-Sostenibles-Hotel-Quadrifolio-Cartagena-12x12.png 12w\" sizes=\"(max-width: 256px) 100vw, 256px\" \/><\/figure><div class=\"elementor-image-box-content\"><h3 class=\"elementor-image-box-title\">Sustainable Offices<\/h3><p class=\"elementor-image-box-description\">Elimination of straws and use of eco-friendly paper in the offices, along with a culture of NO printing.<\/p><\/div><\/div>\t\t\t\t<\/div>\n\t\t\t\t<\/div>\n\t\t\t\t<div class=\"elementor-element elementor-element-fb37f39 elementor-position-top elementor-invisible elementor-widget elementor-widget-image-box\" data-id=\"fb37f39\" data-element_type=\"widget\" data-e-type=\"widget\" data-settings=\"{&quot;_animation&quot;:&quot;fadeInLeft&quot;}\" data-widget_type=\"image-box.default\">\n\t\t\t\t<div class=\"elementor-widget-container\">\n\t\t\t\t\t<div class=\"elementor-image-box-wrapper\"><figure class=\"elementor-image-box-img\"><img loading=\"lazy\" decoding=\"async\" width=\"256\" height=\"256\" src=\"https:\/\/hotelquadrifolio.com\/wp-content\/uploads\/2024\/10\/Gestion-de-Residuos-Hotel-Quadrifolio-Cartagena.png\" class=\"attachment-full size-full wp-image-4998\" alt=\"\" srcset=\"https:\/\/hotelquadrifolio.com\/wp-content\/uploads\/2024\/10\/Gestion-de-Residuos-Hotel-Quadrifolio-Cartagena.png 256w, https:\/\/hotelquadrifolio.com\/wp-content\/uploads\/2024\/10\/Gestion-de-Residuos-Hotel-Quadrifolio-Cartagena-150x150.png 150w, https:\/\/hotelquadrifolio.com\/wp-content\/uploads\/2024\/10\/Gestion-de-Residuos-Hotel-Quadrifolio-Cartagena-12x12.png 12w\" sizes=\"(max-width: 256px) 100vw, 256px\" \/><\/figure><div class=\"elementor-image-box-content\"><h3 class=\"elementor-image-box-title\">Waste Management<\/h3><p class=\"elementor-image-box-description\">Classification of oils and fats for delivery to the supplier responsible for handling this waste.<\/p><\/div><\/div>\t\t\t\t<\/div>\n\t\t\t\t<\/div>\n\t\t\t\t<div class=\"elementor-element elementor-element-18b0cf6 elementor-position-top elementor-invisible elementor-widget elementor-widget-image-box\" data-id=\"18b0cf6\" data-element_type=\"widget\" data-e-type=\"widget\" data-settings=\"{&quot;_animation&quot;:&quot;fadeInLeft&quot;}\" data-widget_type=\"image-box.default\">\n\t\t\t\t<div class=\"elementor-widget-container\">\n\t\t\t\t\t<div class=\"elementor-image-box-wrapper\"><figure class=\"elementor-image-box-img\"><img loading=\"lazy\" decoding=\"async\" width=\"256\" height=\"256\" src=\"https:\/\/hotelquadrifolio.com\/wp-content\/uploads\/2024\/10\/Adios-al-Plastico-Hotel-Quadrifolio-Cartagena.png\" class=\"attachment-full size-full wp-image-5002\" alt=\"\" srcset=\"https:\/\/hotelquadrifolio.com\/wp-content\/uploads\/2024\/10\/Adios-al-Plastico-Hotel-Quadrifolio-Cartagena.png 256w, https:\/\/hotelquadrifolio.com\/wp-content\/uploads\/2024\/10\/Adios-al-Plastico-Hotel-Quadrifolio-Cartagena-150x150.png 150w, https:\/\/hotelquadrifolio.com\/wp-content\/uploads\/2024\/10\/Adios-al-Plastico-Hotel-Quadrifolio-Cartagena-12x12.png 12w\" sizes=\"(max-width: 256px) 100vw, 256px\" \/><\/figure><div class=\"elementor-image-box-content\"><h3 class=\"elementor-image-box-title\">Goodbye to Plastic<\/h3><p class=\"elementor-image-box-description\">Bottled water in plastic containers is removed from the minibar.<\/p><\/div><\/div>\t\t\t\t<\/div>\n\t\t\t\t<\/div>\n\t\t\t\t<div class=\"elementor-element elementor-element-bc40297 elementor-position-top elementor-invisible elementor-widget elementor-widget-image-box\" data-id=\"bc40297\" data-element_type=\"widget\" data-e-type=\"widget\" data-settings=\"{&quot;_animation&quot;:&quot;fadeInLeft&quot;}\" data-widget_type=\"image-box.default\">\n\t\t\t\t<div class=\"elementor-widget-container\">\n\t\t\t\t\t<div class=\"elementor-image-box-wrapper\"><figure class=\"elementor-image-box-img\"><img loading=\"lazy\" decoding=\"async\" width=\"256\" height=\"256\" src=\"https:\/\/hotelquadrifolio.com\/wp-content\/uploads\/2024\/10\/Proteccion-Flora-y-Fauna-Quadrifolio.png\" class=\"attachment-full size-full wp-image-4978\" alt=\"\" srcset=\"https:\/\/hotelquadrifolio.com\/wp-content\/uploads\/2024\/10\/Proteccion-Flora-y-Fauna-Quadrifolio.png 256w, https:\/\/hotelquadrifolio.com\/wp-content\/uploads\/2024\/10\/Proteccion-Flora-y-Fauna-Quadrifolio-150x150.png 150w, https:\/\/hotelquadrifolio.com\/wp-content\/uploads\/2024\/10\/Proteccion-Flora-y-Fauna-Quadrifolio-12x12.png 12w\" sizes=\"(max-width: 256px) 100vw, 256px\" \/><\/figure><div class=\"elementor-image-box-content\"><h3 class=\"elementor-image-box-title\">Culture of Wildlife and Plant Protection<\/h3><p class=\"elementor-image-box-description\">Culture of Wildlife and Plant Protection.<\/p><\/div><\/div>\t\t\t\t<\/div>\n\t\t\t\t<\/div>\n\t\t\t\t<\/div>\n\t\t\t\t<\/div>\n\t\t\t\t<\/div>\n\t\t<div class=\"elementor-element elementor-element-fce5790 e-flex e-con-boxed e-con e-parent\" data-id=\"fce5790\" data-element_type=\"container\" data-e-type=\"container\">\n\t\t\t\t\t<div class=\"e-con-inner\">\n\t\t\t\t<div class=\"elementor-element elementor-element-bcbb774 elementor-widget elementor-widget-text-editor\" data-id=\"bcbb774\" data-element_type=\"widget\" data-e-type=\"widget\" data-widget_type=\"text-editor.default\">\n\t\t\t\t<div class=\"elementor-widget-container\">\n\t\t\t\t\t\t\t\t\t<p>With our clients, suppliers, and partners, Hotel Quadrifolio is committed to providing accommodation services based on minimizing negative environmental, socio-cultural, and economic impacts. We are also committed to empowering our socio-cultural attributes in compliance with applicable legal requirements to prevent the commercial sexual exploitation of children and adolescents and to preserving the colonial architecture of the Historic Center of Cartagena. We will also do this by ensuring the satisfaction of our clients' needs while respecting culture, maintaining a good working environment for our employees, and providing access to suppliers with strong standards <span style=\"color: #333333;\"><a style=\"color: #333333;\" href=\"https:\/\/www.youtube.com\/watch?v=JwuShNKkm58\"><strong>sustainability<\/strong><\/a>.<\/span><\/p>\t\t\t\t\t\t\t\t<\/div>\n\t\t\t\t<\/div>\n\t\t\t\t\t<\/div>\n\t\t\t\t<\/div>\n\t\t\t\t<\/div>","protected":false},"excerpt":{"rendered":"<p>Pol\u00edtica de Sostenibilidad En el Hotel Quadrifolio trabajamos todos los d\u00edas en la integraci\u00f3n de nuestras cuatro \u00e1reas de operaci\u00f3n: servicio, comodidad, privacidad y elegancia; \u00e1reas que vinculamos al desarrollo sostenible en nuestros procesos de negocio. Creemos que la sostenibilidad es el elemento clave que permitir\u00e1 que el turismo siga siendo un motor de la [&hellip;]<\/p>\n","protected":false},"author":1,"featured_media":0,"parent":0,"menu_order":0,"comment_status":"closed","ping_status":"closed","template":"elementor_header_footer","meta":{"footnotes":""},"class_list":["post-4946","page","type-page","status-publish","hentry"],"_links":{"self":[{"href":"https:\/\/hotelquadrifolio.com\/en\/wp-json\/wp\/v2\/pages\/4946","targetHints":{"allow":["GET"]}}],"collection":[{"href":"https:\/\/hotelquadrifolio.com\/en\/wp-json\/wp\/v2\/pages"}],"about":[{"href":"https:\/\/hotelquadrifolio.com\/en\/wp-json\/wp\/v2\/types\/page"}],"author":[{"embeddable":true,"href":"https:\/\/hotelquadrifolio.com\/en\/wp-json\/wp\/v2\/users\/1"}],"replies":[{"embeddable":true,"href":"https:\/\/hotelquadrifolio.com\/en\/wp-json\/wp\/v2\/comments?post=4946"}],"version-history":[{"count":76,"href":"https:\/\/hotelquadrifolio.com\/en\/wp-json\/wp\/v2\/pages\/4946\/revisions"}],"predecessor-version":[{"id":5046,"href":"https:\/\/hotelquadrifolio.com\/en\/wp-json\/wp\/v2\/pages\/4946\/revisions\/5046"}],"wp:attachment":[{"href":"https:\/\/hotelquadrifolio.com\/en\/wp-json\/wp\/v2\/media?parent=4946"}],"curies":[{"name":"wp","href":"https:\/\/api.w.org\/{rel}","templated":true}]}}