{"id":4923,"date":"2024-10-24T22:21:11","date_gmt":"2024-10-24T20:21:11","guid":{"rendered":"https:\/\/hotelquadrifolio.com\/?page_id=4923"},"modified":"2024-10-24T22:32:51","modified_gmt":"2024-10-24T20:32:51","slug":"politica-de-privacidad","status":"publish","type":"page","link":"https:\/\/hotelquadrifolio.com\/en\/politica-de-privacidad\/","title":{"rendered":"Pol\u00edtica de Privacidad"},"content":{"rendered":"<div data-elementor-type=\"wp-page\" data-elementor-id=\"4923\" class=\"elementor elementor-4923\" data-elementor-post-type=\"page\">\n\t\t\t\t<div class=\"elementor-element elementor-element-f5f6b64 e-flex e-con-boxed e-con e-parent\" data-id=\"f5f6b64\" data-element_type=\"container\" data-e-type=\"container\" data-settings=\"{&quot;background_background&quot;:&quot;classic&quot;}\">\n\t\t\t\t\t<div class=\"e-con-inner\">\n\t\t\t\t\t<\/div>\n\t\t\t\t<\/div>\n\t\t<div class=\"elementor-element elementor-element-6072436 e-flex e-con-boxed elementor-invisible e-con e-parent\" data-id=\"6072436\" data-element_type=\"container\" data-e-type=\"container\" data-settings=\"{&quot;animation&quot;:&quot;fadeInUp&quot;}\">\n\t\t\t\t\t<div class=\"e-con-inner\">\n\t\t\t\t<div class=\"elementor-element elementor-element-d77f8f2 elementor-widget elementor-widget-heading\" data-id=\"d77f8f2\" data-element_type=\"widget\" data-e-type=\"widget\" data-widget_type=\"heading.default\">\n\t\t\t\t<div class=\"elementor-widget-container\">\n\t\t\t\t\t<h2 class=\"elementor-heading-title elementor-size-default\">Privacy Policy<\/h2>\t\t\t\t<\/div>\n\t\t\t\t<\/div>\n\t\t\t\t<div class=\"elementor-element elementor-element-9bc08bd elementor-widget elementor-widget-heading\" data-id=\"9bc08bd\" data-element_type=\"widget\" data-e-type=\"widget\" data-widget_type=\"heading.default\">\n\t\t\t\t<div class=\"elementor-widget-container\">\n\t\t\t\t\t<h2 class=\"elementor-heading-title elementor-size-default\">Data Protection<\/h2>\t\t\t\t<\/div>\n\t\t\t\t<\/div>\n\t\t\t\t<div class=\"elementor-element elementor-element-fefed18 elementor-widget elementor-widget-text-editor\" data-id=\"fefed18\" data-element_type=\"widget\" data-e-type=\"widget\" data-widget_type=\"text-editor.default\">\n\t\t\t\t<div class=\"elementor-widget-container\">\n\t\t\t\t\t\t\t\t\t<p>In compliance with Statutory Law 1581 of 2012 on Data Protection (LEPD) and the regulations that govern it, this Privacy Notice aims to obtain the express and informed consent of the Data Subject for the processing and transfer of their data to third parties. The conditions of the processing are as follows:<\/p><p>OPERADORA HOTELERA QUADRIFOLIO S.A, identified with NIT No. 900059835, will be responsible for the processing of your personal data.<\/p><p>In order to provide comprehensive customer service, the personal data collected will be processed for the following purposes: Administrative Management, Marketing, and Commercial Prospecting.<\/p><p>It is optional to provide information about Sensitive Data, understood as those that affect privacy or cause any type of discrimination, or about minors.<\/p><p>The data processing policy for the Data Subject, as well as any substantial changes to it, can be consulted at the following email address: info@hotelquadrifolio.com.<\/p><p>The Data Subject may exercise their rights of access, rectification, deletion, revocation, or claim for violation of their data by sending a written request to OPERADORA HOTELERA QUADRIFOLIO S.A. at the email address info@hotelquadrifolio.com, indicating in the subject the right they wish to exercise; or by mail sent to CR 5 # 36 -118.<\/p>\t\t\t\t\t\t\t\t<\/div>\n\t\t\t\t<\/div>\n\t\t\t\t<div class=\"elementor-element elementor-element-0f49f6d elementor-widget elementor-widget-heading\" data-id=\"0f49f6d\" data-element_type=\"widget\" data-e-type=\"widget\" data-widget_type=\"heading.default\">\n\t\t\t\t<div class=\"elementor-widget-container\">\n\t\t\t\t\t<h2 class=\"elementor-heading-title elementor-size-default\">Web Consent Clause<\/h2>\t\t\t\t<\/div>\n\t\t\t\t<\/div>\n\t\t\t\t<div class=\"elementor-element elementor-element-4c2db17 elementor-widget elementor-widget-text-editor\" data-id=\"4c2db17\" data-element_type=\"widget\" data-e-type=\"widget\" data-widget_type=\"text-editor.default\">\n\t\t\t\t<div class=\"elementor-widget-container\">\n\t\t\t\t\t\t\t\t\t<p>In accordance with Organic Law 1581 of 2012 on Data Protection and Decree 1377 of 2013, the user is informed that the data entered in this form will be incorporated into a database under the responsibility of OPERADORA HOTELERA QUADRIFOLIO S.A., and will be processed for the purpose of: Administrative Management, Marketing, and Commercial Prospecting.<\/p><p>You may exercise your rights of access, rectification, deletion, revocation, or claim for data violation by sending a written request to OPERADORA HOTELERA QUADRIFOLIO S.A. at the email address info@hotelquadrifolio.com, indicating the right you wish to exercise in the subject line, or by regular mail to the address: CR 5 # 36 -118 CARTAGENA DE INDIAS, BOL\u00cdVAR.<\/p><p>The user declares having read the previous clause and being satisfied with it.<\/p>\t\t\t\t\t\t\t\t<\/div>\n\t\t\t\t<\/div>\n\t\t\t\t\t<\/div>\n\t\t\t\t<\/div>\n\t\t\t\t<\/div>","protected":false},"excerpt":{"rendered":"<p>Pol\u00edtica de privacidad Protecci\u00f3n de Datos En cumplimiento de la Ley Estatutaria 1581 de 2.012 de Protecci\u00f3n de Datos (LEPD) y normas que la regulan, el presente Aviso de Privacidad tiene por objeto obtener la autorizaci\u00f3n expresa e informada del Titular para el tratamiento y transferencia de sus datos a terceros. Las condiciones del tratamiento [&hellip;]<\/p>\n","protected":false},"author":1,"featured_media":0,"parent":0,"menu_order":0,"comment_status":"closed","ping_status":"closed","template":"elementor_header_footer","meta":{"footnotes":""},"class_list":["post-4923","page","type-page","status-publish","hentry"],"_links":{"self":[{"href":"https:\/\/hotelquadrifolio.com\/en\/wp-json\/wp\/v2\/pages\/4923","targetHints":{"allow":["GET"]}}],"collection":[{"href":"https:\/\/hotelquadrifolio.com\/en\/wp-json\/wp\/v2\/pages"}],"about":[{"href":"https:\/\/hotelquadrifolio.com\/en\/wp-json\/wp\/v2\/types\/page"}],"author":[{"embeddable":true,"href":"https:\/\/hotelquadrifolio.com\/en\/wp-json\/wp\/v2\/users\/1"}],"replies":[{"embeddable":true,"href":"https:\/\/hotelquadrifolio.com\/en\/wp-json\/wp\/v2\/comments?post=4923"}],"version-history":[{"count":0,"href":"https:\/\/hotelquadrifolio.com\/en\/wp-json\/wp\/v2\/pages\/4923\/revisions"}],"wp:attachment":[{"href":"https:\/\/hotelquadrifolio.com\/en\/wp-json\/wp\/v2\/media?parent=4923"}],"curies":[{"name":"wp","href":"https:\/\/api.w.org\/{rel}","templated":true}]}}